{"id":228,"date":"2022-05-22T17:16:03","date_gmt":"2022-05-22T15:16:03","guid":{"rendered":"https:\/\/lavillapolypheme.com\/?post_type=product&#038;p=228"},"modified":"2026-04-07T14:34:27","modified_gmt":"2026-04-07T12:34:27","slug":"bungalow-colibri","status":"publish","type":"product","link":"https:\/\/lavillapolypheme.com\/index.php\/produit\/bungalow-colibri\/","title":{"rendered":"Bungalow Colibri | 1 \u00e0 3 pers."},"content":{"rendered":"<p>[et_pb_section fb_built=\u00a0\u00bb1&Prime; _builder_version=\u00a0\u00bb4.16&Prime; custom_padding=\u00a0\u00bb0px||||false|false\u00a0\u00bb global_colors_info=\u00a0\u00bb{}\u00a0\u00bb][et_pb_row _builder_version=\u00a0\u00bb4.16&Prime; background_size=\u00a0\u00bbinitial\u00a0\u00bb background_position=\u00a0\u00bbtop_left\u00a0\u00bb background_repeat=\u00a0\u00bbrepeat\u00a0\u00bb width=\u00a0\u00bb100%\u00a0\u00bb custom_padding=\u00a0\u00bb0px||0px||false|false\u00a0\u00bb global_colors_info=\u00a0\u00bb{}\u00a0\u00bb][et_pb_column type=\u00a0\u00bb4_4&Prime; _builder_version=\u00a0\u00bb4.16&Prime; custom_padding=\u00a0\u00bb|||\u00a0\u00bb global_colors_info=\u00a0\u00bb{}\u00a0\u00bb custom_padding__hover=\u00a0\u00bb|||\u00a0\u00bb][et_pb_wc_cart_notice _builder_version=\u00a0\u00bb4.17.3&Prime; background_color=\u00a0\u00bb#00862F\u00a0\u00bb global_colors_info=\u00a0\u00bb{}\u00a0\u00bb][\/et_pb_wc_cart_notice][\/et_pb_column][\/et_pb_row][et_pb_row column_structure=\u00a0\u00bb1_2,1_2&Prime; _builder_version=\u00a0\u00bb4.16&Prime; background_size=\u00a0\u00bbinitial\u00a0\u00bb background_position=\u00a0\u00bbtop_left\u00a0\u00bb background_repeat=\u00a0\u00bbrepeat\u00a0\u00bb width=\u00a0\u00bb100%\u00a0\u00bb custom_padding=\u00a0\u00bb0px||||false|false\u00a0\u00bb global_colors_info=\u00a0\u00bb{}\u00a0\u00bb][et_pb_column type=\u00a0\u00bb1_2&Prime; _builder_version=\u00a0\u00bb4.16&Prime; custom_padding=\u00a0\u00bb|||\u00a0\u00bb global_colors_info=\u00a0\u00bb{}\u00a0\u00bb custom_padding__hover=\u00a0\u00bb|||\u00a0\u00bb][et_pb_text _builder_version=\u00a0\u00bb4.17.4&Prime; _module_preset=\u00a0\u00bbdefault\u00a0\u00bb custom_margin=\u00a0\u00bb||0px||false|false\u00a0\u00bb global_colors_info=\u00a0\u00bb{}\u00a0\u00bb]<\/p>\n<h1>Bungalow Colibri<\/h1>\n<p>[\/et_pb_text][et_pb_wc_breadcrumb _builder_version=\u00a0\u00bb4.17.3&Prime; body_font_size=\u00a0\u00bb12px\u00a0\u00bb link_text_color=\u00a0\u00bb#6C8EAD\u00a0\u00bb custom_margin=\u00a0\u00bb0px||||false|false\u00a0\u00bb global_colors_info=\u00a0\u00bb{}\u00a0\u00bb][\/et_pb_wc_breadcrumb][et_pb_text _builder_version=\u00a0\u00bb4.20.2&Prime; _module_preset=\u00a0\u00bbdefault\u00a0\u00bb header_3_font=\u00a0\u00bbUbuntu|700|||||||\u00a0\u00bb header_3_text_color=\u00a0\u00bb#00862F\u00a0\u00bb header_3_font_size=\u00a0\u00bb18px\u00a0\u00bb custom_padding=\u00a0\u00bb0px|||||\u00a0\u00bb global_colors_info=\u00a0\u00bb{}\u00a0\u00bb]<\/p>\n<h3><span style=\"font-size: x-large;\"><span style=\"color: #00862f;\"><strong>\u00c0 partir de 70 \u20ac \/ nuit* \u2013 3 nuits minimum<\/strong><\/span><\/span><\/h3>\n<h3><em>*Tarif d\u00e9gressif d\u00e8s 4 nuits<\/em><\/h3>\n<div>\n<div>\n<p>Prix indiqu\u00e9 pour <strong>1 \u00e0 2 personnes.<\/strong><br \/>\nPossibilit\u00e9 d&rsquo;accueillir jusqu&rsquo;\u00e0 3 personnes :<strong> +24 \u20ac \/ nuit<\/strong>.<\/p>\n<p>&nbsp;<\/p>\n<\/div>\n<\/div>\n<p><span style=\"color: #00a199;\"><strong><span style=\"text-decoration: underline;\">Description<\/span><\/strong><\/span><\/p>\n<div>\n<p>&nbsp;<\/p>\n<div>\n<p>Situ\u00e9 \u00e0 <strong>Saint-Pierre, au nord de la Martinique<\/strong>, le <strong>Bungalow Colibri <\/strong>vous accueille dans un cadre paisible, \u00e0 deux pas de la Montagne Pel\u00e9e, de la mer et des plages, de la rivi\u00e8re, des sentiers de randonn\u00e9e et du centre historique de Saint-Pierre.<\/p>\n<p>&nbsp;<\/p>\n<\/div>\n<div>\n<p>Un lieu id\u00e9al pour se ressourcer, d\u00e9couvrir le nord de l\u2019\u00eele et profiter pleinement de la nature environnante, en toute tranquillit\u00e9.<\/p>\n<p>&nbsp;<\/p>\n<\/div>\n<\/div>\n<p><span style=\"text-decoration: underline; color: #00a199;\"><strong>Le logement<\/strong><\/span><\/p>\n<div>\n<p>&nbsp;<\/p>\n<div>\n<p>Le bungalow, confortable et fonctionnel, comprend :<\/p>\n<\/div>\n<ul>\n<li style=\"list-style-type: none;\">\n<ul>\n<li>un <strong>salon-s\u00e9jour <\/strong>avec <strong>kitchenette \u00e9quip\u00e9e <\/strong>et <strong>ventilateur<\/strong>,<\/li>\n<li>une <strong>chambre climatis\u00e9e<\/strong> + <strong>v<\/strong><strong>entilateur<\/strong>,<\/li>\n<li>une <strong>salle de bain<\/strong> avec douche, lavabo et sanitaires,<\/li>\n<li>un <strong>canap\u00e9 convertible<\/strong>.<\/li>\n<\/ul>\n<\/li>\n<\/ul>\n<div>\n<p>Vous profitez \u00e9galement d\u2019un <strong>espace ext\u00e9rieur privatif<\/strong> et d\u2019un acc\u00e8s aux <strong>espaces communs<\/strong> : jardin, carbets (une grange et une petite pergola) et <strong>piscine<\/strong>.<\/p>\n<p>&nbsp;<\/p>\n<\/div>\n<\/div>\n<p><span style=\"text-decoration: underline; color: #00a199;\"><strong>Acc\u00e8s des voyageurs<\/strong><\/span><\/p>\n<div>\n<p>&nbsp;<\/p>\n<div>\n<p>Acc\u00e8s <strong>ind\u00e9pendant et complet<\/strong> \u00e0 votre bungalow.<br \/>\nLa <strong>piscine priv\u00e9e<\/strong>, partag\u00e9e uniquement entre les deux bungalows, ainsi que le jardin et les carbets, sont \u00e0 votre disposition pour des moments de d\u00e9tente.<\/p>\n<p>&nbsp;<\/p>\n<\/div>\n<\/div>\n<p><span style=\"text-decoration: underline; color: #00a199;\"><strong>Echanges avec les voyageurs<\/strong><\/span><\/p>\n<div>\n<p>&nbsp;<\/p>\n<div>\n<p>Fins connaisseurs de la r\u00e9gion, nous serons ravis de vous faire profiter de nos <strong>meilleures adresses et conseils<\/strong> : restaurants, excursions, randonn\u00e9es et id\u00e9es de d\u00e9couvertes autour de Saint-Pierre.<\/p>\n<\/div>\n<div>\n<p>&nbsp;<\/p>\n<p>Nous restons disponibles pour toute question et pour vous aider \u00e0 vivre un <strong>s\u00e9jour agr\u00e9able et inoubliable.<\/strong><\/p>\n<\/div>\n<\/div>\n<p>[\/et_pb_text][et_pb_code _builder_version=\u00a0\u00bb4.17.4&Prime; _module_preset=\u00a0\u00bbdefault\u00a0\u00bb global_colors_info=\u00a0\u00bb{}\u00a0\u00bb]<div class=\"elpbhw-according-wrap \"><div class=\"elpbhw-according-title\"><p class=\"elpbhw-title-according\">Unavailable date<\/p><span class=\"elpbhw-icon\"><i class=\"fas fa-chevron-down\"><\/i><\/span><\/div><div class=\"elpbhw-according-content\"><table class=\"elpbhw_table_according\"><thead><tr><th>Start date<\/th><th>Date de fin<\/th><\/tr><\/thead><tbody><tr><td>07-04-2026<\/td><td>10-05-2026<\/td><\/tr><tr><td>16-05-2026<\/td><td>17-05-2026<\/td><\/tr><tr><td>06-07-2026<\/td><td>08-07-2026<\/td><\/tr><tr><td>21-07-2026<\/td><td>26-07-2026<\/td><\/tr><tr><td>04-09-2026<\/td><td>17-09-2026<\/td><\/tr><tr><td>29-11-2026<\/td><td>30-11-2026<\/td><\/tr><\/tbody><\/table><\/div><\/div><!-- [et_pb_line_break_holder] --><div class=\"elpbhw-book-form-wrap\"><form method=\"post\"><div class=\"elpbhw-row\"><label for=\"elpbhw_checkin_date\" class=\"elpbhw-label\">Date d&#039;arriv\u00e9e<\/label><input type=\"text\" name=\"elpbhw_checkin_date\" id=\"elpbhw_checkin_date\" class=\"elpbhw_datepicker elpbhw_start_date elpbhw_checkin_date\" autocomplete=\"off\" required data-date_format=\"dd-mm-yy\" data-date_unavailable=\"[&quot;27-10-2022&quot;,&quot;28-10-2022&quot;,&quot;29-10-2022&quot;,&quot;30-10-2022&quot;,&quot;31-10-2022&quot;,&quot;30-04-2023&quot;,&quot;01-05-2023&quot;,&quot;02-05-2023&quot;,&quot;03-05-2023&quot;,&quot;04-05-2023&quot;,&quot;23-11-2023&quot;,&quot;24-11-2023&quot;,&quot;25-11-2023&quot;,&quot;16-06-2023&quot;,&quot;17-06-2023&quot;,&quot;18-06-2023&quot;,&quot;19-06-2023&quot;,&quot;20-06-2023&quot;,&quot;21-06-2023&quot;,&quot;22-06-2023&quot;,&quot;04-11-2023&quot;,&quot;05-11-2023&quot;,&quot;06-11-2023&quot;,&quot;07-11-2023&quot;,&quot;26-11-2023&quot;,&quot;27-11-2023&quot;,&quot;28-11-2023&quot;,&quot;29-11-2023&quot;,&quot;17-01-2024&quot;,&quot;18-01-2024&quot;,&quot;19-01-2024&quot;,&quot;20-01-2024&quot;,&quot;21-01-2024&quot;,&quot;18-11-2023&quot;,&quot;19-11-2023&quot;,&quot;20-11-2023&quot;,&quot;21-11-2023&quot;,&quot;22-03-2024&quot;,&quot;23-03-2024&quot;,&quot;24-03-2024&quot;,&quot;25-03-2024&quot;,&quot;26-03-2024&quot;,&quot;27-03-2024&quot;,&quot;28-03-2024&quot;,&quot;29-03-2024&quot;,&quot;30-03-2024&quot;,&quot;17-02-2024&quot;,&quot;18-02-2024&quot;,&quot;09-05-2024&quot;,&quot;10-05-2024&quot;,&quot;11-05-2024&quot;,&quot;12-05-2024&quot;,&quot;13-05-2024&quot;,&quot;14-05-2024&quot;,&quot;15-05-2024&quot;,&quot;06-04-2024&quot;,&quot;07-04-2024&quot;,&quot;08-04-2024&quot;,&quot;09-04-2024&quot;,&quot;07-09-2024&quot;,&quot;08-09-2024&quot;,&quot;09-09-2024&quot;,&quot;10-09-2024&quot;,&quot;11-09-2024&quot;,&quot;24-01-2025&quot;,&quot;25-01-2025&quot;,&quot;26-01-2025&quot;,&quot;27-01-2025&quot;,&quot;28-01-2025&quot;,&quot;03-03-2025&quot;,&quot;04-03-2025&quot;,&quot;05-03-2025&quot;,&quot;06-03-2025&quot;,&quot;25-07-2025&quot;,&quot;26-07-2025&quot;,&quot;27-07-2025&quot;,&quot;15-04-2025&quot;,&quot;16-04-2025&quot;,&quot;17-04-2025&quot;,&quot;18-04-2025&quot;,&quot;19-04-2025&quot;,&quot;02-12-2025&quot;,&quot;03-12-2025&quot;,&quot;04-12-2025&quot;,&quot;05-12-2025&quot;,&quot;06-12-2025&quot;,&quot;07-12-2025&quot;,&quot;08-12-2025&quot;,&quot;09-12-2025&quot;,&quot;11-07-2025&quot;,&quot;12-07-2025&quot;,&quot;13-07-2025&quot;,&quot;14-07-2025&quot;,&quot;07-04-2026&quot;,&quot;08-04-2026&quot;,&quot;09-04-2026&quot;,&quot;10-04-2026&quot;,&quot;11-04-2026&quot;,&quot;12-04-2026&quot;,&quot;13-04-2026&quot;,&quot;14-04-2026&quot;,&quot;15-04-2026&quot;,&quot;16-04-2026&quot;,&quot;17-04-2026&quot;,&quot;18-04-2026&quot;,&quot;19-04-2026&quot;,&quot;20-04-2026&quot;,&quot;21-04-2026&quot;,&quot;22-04-2026&quot;,&quot;23-04-2026&quot;,&quot;24-04-2026&quot;,&quot;25-04-2026&quot;,&quot;26-04-2026&quot;,&quot;27-04-2026&quot;,&quot;28-04-2026&quot;,&quot;29-04-2026&quot;,&quot;30-04-2026&quot;,&quot;01-05-2026&quot;,&quot;02-05-2026&quot;,&quot;03-05-2026&quot;,&quot;04-05-2026&quot;,&quot;05-05-2026&quot;,&quot;06-05-2026&quot;,&quot;07-05-2026&quot;,&quot;08-05-2026&quot;,&quot;09-05-2026&quot;,&quot;10-05-2026&quot;,&quot;16-05-2026&quot;,&quot;17-05-2026&quot;,&quot;06-07-2026&quot;,&quot;07-07-2026&quot;,&quot;08-07-2026&quot;,&quot;21-07-2026&quot;,&quot;22-07-2026&quot;,&quot;23-07-2026&quot;,&quot;24-07-2026&quot;,&quot;25-07-2026&quot;,&quot;26-07-2026&quot;,&quot;04-09-2026&quot;,&quot;05-09-2026&quot;,&quot;06-09-2026&quot;,&quot;07-09-2026&quot;,&quot;08-09-2026&quot;,&quot;09-09-2026&quot;,&quot;10-09-2026&quot;,&quot;11-09-2026&quot;,&quot;12-09-2026&quot;,&quot;13-09-2026&quot;,&quot;14-09-2026&quot;,&quot;15-09-2026&quot;,&quot;16-09-2026&quot;,&quot;17-09-2026&quot;,&quot;29-11-2026&quot;,&quot;30-11-2026&quot;]\"><\/div><div class=\"elpbhw-row\"><label for=\"elpbhw_checkout_date\" class=\"elpbhw-label\">Date de d\u00e9part<\/label><input type=\"text\" name=\"elpbhw_checkout_date\" id=\"elpbhw_checkout_date\" class=\"elpbhw_datepicker elpbhw_end_date elpbhw_checkout_date\" autocomplete=\"off\" required data-date_format=\"dd-mm-yy\" data-date_unavailable=\"[&quot;27-10-2022&quot;,&quot;28-10-2022&quot;,&quot;29-10-2022&quot;,&quot;30-10-2022&quot;,&quot;31-10-2022&quot;,&quot;30-04-2023&quot;,&quot;01-05-2023&quot;,&quot;02-05-2023&quot;,&quot;03-05-2023&quot;,&quot;04-05-2023&quot;,&quot;23-11-2023&quot;,&quot;24-11-2023&quot;,&quot;25-11-2023&quot;,&quot;16-06-2023&quot;,&quot;17-06-2023&quot;,&quot;18-06-2023&quot;,&quot;19-06-2023&quot;,&quot;20-06-2023&quot;,&quot;21-06-2023&quot;,&quot;22-06-2023&quot;,&quot;04-11-2023&quot;,&quot;05-11-2023&quot;,&quot;06-11-2023&quot;,&quot;07-11-2023&quot;,&quot;26-11-2023&quot;,&quot;27-11-2023&quot;,&quot;28-11-2023&quot;,&quot;29-11-2023&quot;,&quot;17-01-2024&quot;,&quot;18-01-2024&quot;,&quot;19-01-2024&quot;,&quot;20-01-2024&quot;,&quot;21-01-2024&quot;,&quot;18-11-2023&quot;,&quot;19-11-2023&quot;,&quot;20-11-2023&quot;,&quot;21-11-2023&quot;,&quot;22-03-2024&quot;,&quot;23-03-2024&quot;,&quot;24-03-2024&quot;,&quot;25-03-2024&quot;,&quot;26-03-2024&quot;,&quot;27-03-2024&quot;,&quot;28-03-2024&quot;,&quot;29-03-2024&quot;,&quot;30-03-2024&quot;,&quot;17-02-2024&quot;,&quot;18-02-2024&quot;,&quot;09-05-2024&quot;,&quot;10-05-2024&quot;,&quot;11-05-2024&quot;,&quot;12-05-2024&quot;,&quot;13-05-2024&quot;,&quot;14-05-2024&quot;,&quot;15-05-2024&quot;,&quot;06-04-2024&quot;,&quot;07-04-2024&quot;,&quot;08-04-2024&quot;,&quot;09-04-2024&quot;,&quot;07-09-2024&quot;,&quot;08-09-2024&quot;,&quot;09-09-2024&quot;,&quot;10-09-2024&quot;,&quot;11-09-2024&quot;,&quot;24-01-2025&quot;,&quot;25-01-2025&quot;,&quot;26-01-2025&quot;,&quot;27-01-2025&quot;,&quot;28-01-2025&quot;,&quot;03-03-2025&quot;,&quot;04-03-2025&quot;,&quot;05-03-2025&quot;,&quot;06-03-2025&quot;,&quot;25-07-2025&quot;,&quot;26-07-2025&quot;,&quot;27-07-2025&quot;,&quot;15-04-2025&quot;,&quot;16-04-2025&quot;,&quot;17-04-2025&quot;,&quot;18-04-2025&quot;,&quot;19-04-2025&quot;,&quot;02-12-2025&quot;,&quot;03-12-2025&quot;,&quot;04-12-2025&quot;,&quot;05-12-2025&quot;,&quot;06-12-2025&quot;,&quot;07-12-2025&quot;,&quot;08-12-2025&quot;,&quot;09-12-2025&quot;,&quot;11-07-2025&quot;,&quot;12-07-2025&quot;,&quot;13-07-2025&quot;,&quot;14-07-2025&quot;,&quot;07-04-2026&quot;,&quot;08-04-2026&quot;,&quot;09-04-2026&quot;,&quot;10-04-2026&quot;,&quot;11-04-2026&quot;,&quot;12-04-2026&quot;,&quot;13-04-2026&quot;,&quot;14-04-2026&quot;,&quot;15-04-2026&quot;,&quot;16-04-2026&quot;,&quot;17-04-2026&quot;,&quot;18-04-2026&quot;,&quot;19-04-2026&quot;,&quot;20-04-2026&quot;,&quot;21-04-2026&quot;,&quot;22-04-2026&quot;,&quot;23-04-2026&quot;,&quot;24-04-2026&quot;,&quot;25-04-2026&quot;,&quot;26-04-2026&quot;,&quot;27-04-2026&quot;,&quot;28-04-2026&quot;,&quot;29-04-2026&quot;,&quot;30-04-2026&quot;,&quot;01-05-2026&quot;,&quot;02-05-2026&quot;,&quot;03-05-2026&quot;,&quot;04-05-2026&quot;,&quot;05-05-2026&quot;,&quot;06-05-2026&quot;,&quot;07-05-2026&quot;,&quot;08-05-2026&quot;,&quot;09-05-2026&quot;,&quot;10-05-2026&quot;,&quot;16-05-2026&quot;,&quot;17-05-2026&quot;,&quot;06-07-2026&quot;,&quot;07-07-2026&quot;,&quot;08-07-2026&quot;,&quot;21-07-2026&quot;,&quot;22-07-2026&quot;,&quot;23-07-2026&quot;,&quot;24-07-2026&quot;,&quot;25-07-2026&quot;,&quot;26-07-2026&quot;,&quot;04-09-2026&quot;,&quot;05-09-2026&quot;,&quot;06-09-2026&quot;,&quot;07-09-2026&quot;,&quot;08-09-2026&quot;,&quot;09-09-2026&quot;,&quot;10-09-2026&quot;,&quot;11-09-2026&quot;,&quot;12-09-2026&quot;,&quot;13-09-2026&quot;,&quot;14-09-2026&quot;,&quot;15-09-2026&quot;,&quot;16-09-2026&quot;,&quot;17-09-2026&quot;,&quot;29-11-2026&quot;,&quot;30-11-2026&quot;]\"><input type=\"hidden\" name=\"elpbhw_product_id\" class=\"elpbhw_product_id\" value=\"228\"><input type=\"hidden\" name=\"add-to-cart\" value=\"228\" \/><input type=\"hidden\" name=\"quantity\" value=\"1\"><\/div><div class=\"elpbhw-row\"><label for=\"elpbhw_number_adults\" class=\"elpbhw-label\">Nombre d&#039;adultes<\/label><select name=\"elpbhw_number_adults\" id=\"elpbhw_number_adults\" class=\"elpbhw_number_adults\"><option value=\"1\">1 adultes<\/option><option value=\"2\">2 adultes<\/option><option value=\"3\">3 adultes<\/option><\/select><\/div><div class=\"elpbhw-service\"><\/div><div class=\"elpbhw-loadding-wrap\"><span class=\"elpbhw-loading\"><\/span><\/div><div class=\"elpbhw-total-price-display\"><span class=\"elpbhw-label-total-price\">Total Price<\/span><span class=\"elpbhw-value-total-price\"><span class=\"woocommerce-Price-amount amount\"><bdi>0,00&nbsp;<span class=\"woocommerce-Price-currencySymbol\">&euro;<\/span><\/bdi><\/span><\/span><\/div><div class=\"elpbhw-row\"><button class=\"submit button elpbhw-submit-book-hotel\" id=\"elpbhw-submit-book-hotel\" type=\"submit\" >R\u00e9server maintenant<\/button><\/div><\/form><\/div><!-- [et_pb_line_break_holder] --><!-- [et_pb_line_break_holder] -->\u00a0[\/et_pb_code][et_pb_wc_add_to_cart _builder_version=\u00a0\u00bb4.17.4&Prime; _module_preset=\u00a0\u00bbdefault\u00a0\u00bb global_colors_info=\u00a0\u00bb{}\u00a0\u00bb][\/et_pb_wc_add_to_cart][\/et_pb_column][et_pb_column type=\u00a0\u00bb1_2&Prime; _builder_version=\u00a0\u00bb4.16&Prime; custom_padding=\u00a0\u00bb|||\u00a0\u00bb global_colors_info=\u00a0\u00bb{}\u00a0\u00bb custom_padding__hover=\u00a0\u00bb|||\u00a0\u00bb][et_pb_wc_images _builder_version=\u00a0\u00bb4.17.3&Prime; border_radii=\u00a0\u00bbon|31px|31px|31px|31px\u00a0\u00bb box_shadow_style=\u00a0\u00bbpreset1&Prime; box_shadow_vertical=\u00a0\u00bb3px\u00a0\u00bb box_shadow_blur=\u00a0\u00bb50px\u00a0\u00bb box_shadow_color=\u00a0\u00bbrgba(67,67,66,0.2)\u00a0\u00bb global_colors_info=\u00a0\u00bb{}\u00a0\u00bb][\/et_pb_wc_images][et_pb_wc_meta _builder_version=\u00a0\u00bb4.17.3&Prime; body_font_size=\u00a0\u00bb12px\u00a0\u00bb link_text_color=\u00a0\u00bb#6C8EAD\u00a0\u00bb global_colors_info=\u00a0\u00bb{}\u00a0\u00bb][\/et_pb_wc_meta][\/et_pb_column][\/et_pb_row][\/et_pb_section]<\/p>\n","protected":false},"excerpt":{"rendered":"<p>Bungalow Colibri \u00c0 partir de 70 \u20ac \/ nuit* \u2013 3 nuits minimum *Tarif d\u00e9gressif d\u00e8s 4 nuits Prix indiqu\u00e9 pour 1 \u00e0 2 personnes. Possibilit\u00e9 d&rsquo;accueillir jusqu&rsquo;\u00e0 3 personnes [&hellip;]<\/p>\n","protected":false},"featured_media":654,"comment_status":"open","ping_status":"closed","template":"","meta":{"_et_pb_use_builder":"on","_et_pb_old_content":"","_et_gb_content_width":"","inline_featured_image":false,"_price":"0","_stock":"","_tribe_ticket_header":"","_tribe_default_ticket_provider":"","_tribe_ticket_capacity":"3","_ticket_start_date":"","_ticket_end_date":"","_tribe_ticket_show_description":"","_tribe_ticket_show_not_going":false,"_tribe_ticket_use_global_stock":"","_tribe_ticket_global_stock_level":"","_global_stock_mode":"","_global_stock_cap":"","_tribe_rsvp_for_event":"","_tribe_ticket_going_count":"","_tribe_ticket_not_going_count":"","_tribe_tickets_list":"[]","_tribe_ticket_has_attendee_info_fields":false},"product_cat":[62],"product_tag":[],"class_list":["post-228","product","type-product","status-publish","has-post-thumbnail","hentry","product_cat-les-bungalows"],"yoast_head":"<!-- This site is optimized with the Yoast SEO plugin v21.5 - https:\/\/yoast.com\/wordpress\/plugins\/seo\/ -->\n<title>Bungalow Colibri | 1 \u00e0 3 pers. - La Villa Polyph\u00e8me : G\u00eete chambre d&#039;h\u00f4te Saint-Pierre, Martinique<\/title>\n<meta name=\"robots\" content=\"index, follow, max-snippet:-1, max-image-preview:large, max-video-preview:-1\" \/>\n<link rel=\"canonical\" href=\"https:\/\/lavillapolypheme.com\/index.php\/produit\/bungalow-colibri\/\" \/>\n<meta property=\"og:locale\" content=\"fr_FR\" \/>\n<meta property=\"og:type\" content=\"article\" \/>\n<meta property=\"og:title\" content=\"Bungalow Colibri | 1 \u00e0 3 pers. - La Villa Polyph\u00e8me : G\u00eete chambre d&#039;h\u00f4te Saint-Pierre, Martinique\" \/>\n<meta property=\"og:description\" content=\"Bungalow Colibri \u00c0 partir de 70 \u20ac \/ nuit* \u2013 3 nuits minimum *Tarif d\u00e9gressif d\u00e8s 4 nuits Prix indiqu\u00e9 pour 1 \u00e0 2 personnes. Possibilit\u00e9 d&#039;accueillir jusqu&#039;\u00e0 3 personnes [&hellip;]\" \/>\n<meta property=\"og:url\" content=\"https:\/\/lavillapolypheme.com\/index.php\/produit\/bungalow-colibri\/\" \/>\n<meta property=\"og:site_name\" content=\"La Villa Polyph\u00e8me : G\u00eete chambre d&#039;h\u00f4te Saint-Pierre, Martinique\" \/>\n<meta property=\"article:modified_time\" content=\"2026-04-07T12:34:27+00:00\" \/>\n<meta property=\"og:image\" content=\"https:\/\/lavillapolypheme.com\/wp-content\/uploads\/2022\/09\/20220715_182207aJUSTEE-rotated.jpg\" \/>\n\t<meta property=\"og:image:width\" content=\"1440\" \/>\n\t<meta property=\"og:image:height\" content=\"1920\" \/>\n\t<meta property=\"og:image:type\" content=\"image\/jpeg\" \/>\n<meta name=\"twitter:card\" content=\"summary_large_image\" \/>\n<script type=\"application\/ld+json\" class=\"yoast-schema-graph\">{\"@context\":\"https:\/\/schema.org\",\"@graph\":[{\"@type\":\"WebPage\",\"@id\":\"https:\/\/lavillapolypheme.com\/index.php\/produit\/bungalow-colibri\/\",\"url\":\"https:\/\/lavillapolypheme.com\/index.php\/produit\/bungalow-colibri\/\",\"name\":\"Bungalow Colibri | 1 \u00e0 3 pers. - La Villa Polyph\u00e8me : G\u00eete chambre d&#039;h\u00f4te Saint-Pierre, Martinique\",\"isPartOf\":{\"@id\":\"https:\/\/lavillapolypheme.com\/#website\"},\"datePublished\":\"2022-05-22T15:16:03+00:00\",\"dateModified\":\"2026-04-07T12:34:27+00:00\",\"breadcrumb\":{\"@id\":\"https:\/\/lavillapolypheme.com\/index.php\/produit\/bungalow-colibri\/#breadcrumb\"},\"inLanguage\":\"fr-FR\",\"potentialAction\":[{\"@type\":\"ReadAction\",\"target\":[\"https:\/\/lavillapolypheme.com\/index.php\/produit\/bungalow-colibri\/\"]}]},{\"@type\":\"BreadcrumbList\",\"@id\":\"https:\/\/lavillapolypheme.com\/index.php\/produit\/bungalow-colibri\/#breadcrumb\",\"itemListElement\":[{\"@type\":\"ListItem\",\"position\":1,\"name\":\"Accueil\",\"item\":\"https:\/\/lavillapolypheme.com\/\"},{\"@type\":\"ListItem\",\"position\":2,\"name\":\"Boutique\",\"item\":\"https:\/\/lavillapolypheme.com\/index.php\/boutique\/\"},{\"@type\":\"ListItem\",\"position\":3,\"name\":\"Bungalow Colibri | 1 \u00e0 3 pers.\"}]},{\"@type\":\"WebSite\",\"@id\":\"https:\/\/lavillapolypheme.com\/#website\",\"url\":\"https:\/\/lavillapolypheme.com\/\",\"name\":\"La Villa Polyph\u00e8me : G\u00eete chambre d&#039;h\u00f4te Saint-Pierre, Martinique\",\"description\":\"\",\"potentialAction\":[{\"@type\":\"SearchAction\",\"target\":{\"@type\":\"EntryPoint\",\"urlTemplate\":\"https:\/\/lavillapolypheme.com\/?s={search_term_string}\"},\"query-input\":\"required name=search_term_string\"}],\"inLanguage\":\"fr-FR\"}]}<\/script>\n<!-- \/ Yoast SEO plugin. -->","yoast_head_json":{"title":"Bungalow Colibri | 1 \u00e0 3 pers. - La Villa Polyph\u00e8me : G\u00eete chambre d&#039;h\u00f4te Saint-Pierre, Martinique","robots":{"index":"index","follow":"follow","max-snippet":"max-snippet:-1","max-image-preview":"max-image-preview:large","max-video-preview":"max-video-preview:-1"},"canonical":"https:\/\/lavillapolypheme.com\/index.php\/produit\/bungalow-colibri\/","og_locale":"fr_FR","og_type":"article","og_title":"Bungalow Colibri | 1 \u00e0 3 pers. - La Villa Polyph\u00e8me : G\u00eete chambre d&#039;h\u00f4te Saint-Pierre, Martinique","og_description":"Bungalow Colibri \u00c0 partir de 70 \u20ac \/ nuit* \u2013 3 nuits minimum *Tarif d\u00e9gressif d\u00e8s 4 nuits Prix indiqu\u00e9 pour 1 \u00e0 2 personnes. Possibilit\u00e9 d'accueillir jusqu'\u00e0 3 personnes [&hellip;]","og_url":"https:\/\/lavillapolypheme.com\/index.php\/produit\/bungalow-colibri\/","og_site_name":"La Villa Polyph\u00e8me : G\u00eete chambre d&#039;h\u00f4te Saint-Pierre, Martinique","article_modified_time":"2026-04-07T12:34:27+00:00","og_image":[{"width":1440,"height":1920,"url":"https:\/\/lavillapolypheme.com\/wp-content\/uploads\/2022\/09\/20220715_182207aJUSTEE-rotated.jpg","type":"image\/jpeg"}],"twitter_card":"summary_large_image","schema":{"@context":"https:\/\/schema.org","@graph":[{"@type":"WebPage","@id":"https:\/\/lavillapolypheme.com\/index.php\/produit\/bungalow-colibri\/","url":"https:\/\/lavillapolypheme.com\/index.php\/produit\/bungalow-colibri\/","name":"Bungalow Colibri | 1 \u00e0 3 pers. - La Villa Polyph\u00e8me : G\u00eete chambre d&#039;h\u00f4te Saint-Pierre, Martinique","isPartOf":{"@id":"https:\/\/lavillapolypheme.com\/#website"},"datePublished":"2022-05-22T15:16:03+00:00","dateModified":"2026-04-07T12:34:27+00:00","breadcrumb":{"@id":"https:\/\/lavillapolypheme.com\/index.php\/produit\/bungalow-colibri\/#breadcrumb"},"inLanguage":"fr-FR","potentialAction":[{"@type":"ReadAction","target":["https:\/\/lavillapolypheme.com\/index.php\/produit\/bungalow-colibri\/"]}]},{"@type":"BreadcrumbList","@id":"https:\/\/lavillapolypheme.com\/index.php\/produit\/bungalow-colibri\/#breadcrumb","itemListElement":[{"@type":"ListItem","position":1,"name":"Accueil","item":"https:\/\/lavillapolypheme.com\/"},{"@type":"ListItem","position":2,"name":"Boutique","item":"https:\/\/lavillapolypheme.com\/index.php\/boutique\/"},{"@type":"ListItem","position":3,"name":"Bungalow Colibri | 1 \u00e0 3 pers."}]},{"@type":"WebSite","@id":"https:\/\/lavillapolypheme.com\/#website","url":"https:\/\/lavillapolypheme.com\/","name":"La Villa Polyph\u00e8me : G\u00eete chambre d&#039;h\u00f4te Saint-Pierre, Martinique","description":"","potentialAction":[{"@type":"SearchAction","target":{"@type":"EntryPoint","urlTemplate":"https:\/\/lavillapolypheme.com\/?s={search_term_string}"},"query-input":"required name=search_term_string"}],"inLanguage":"fr-FR"}]}},"jetpack_sharing_enabled":true,"_links":{"self":[{"href":"https:\/\/lavillapolypheme.com\/index.php\/wp-json\/wp\/v2\/product\/228","targetHints":{"allow":["GET"]}}],"collection":[{"href":"https:\/\/lavillapolypheme.com\/index.php\/wp-json\/wp\/v2\/product"}],"about":[{"href":"https:\/\/lavillapolypheme.com\/index.php\/wp-json\/wp\/v2\/types\/product"}],"replies":[{"embeddable":true,"href":"https:\/\/lavillapolypheme.com\/index.php\/wp-json\/wp\/v2\/comments?post=228"}],"wp:featuredmedia":[{"embeddable":true,"href":"https:\/\/lavillapolypheme.com\/index.php\/wp-json\/wp\/v2\/media\/654"}],"wp:attachment":[{"href":"https:\/\/lavillapolypheme.com\/index.php\/wp-json\/wp\/v2\/media?parent=228"}],"wp:term":[{"taxonomy":"product_cat","embeddable":true,"href":"https:\/\/lavillapolypheme.com\/index.php\/wp-json\/wp\/v2\/product_cat?post=228"},{"taxonomy":"product_tag","embeddable":true,"href":"https:\/\/lavillapolypheme.com\/index.php\/wp-json\/wp\/v2\/product_tag?post=228"}],"curies":[{"name":"wp","href":"https:\/\/api.w.org\/{rel}","templated":true}]}}