{"id":192,"date":"2022-05-22T16:14:26","date_gmt":"2022-05-22T14:14:26","guid":{"rendered":"https:\/\/lavillapolypheme.com\/?post_type=product&#038;p=192"},"modified":"2026-01-03T16:35:16","modified_gmt":"2026-01-03T15:35:16","slug":"evenements","status":"publish","type":"product","link":"https:\/\/lavillapolypheme.com\/index.php\/produit\/evenements\/","title":{"rendered":"\u00c9v\u00e9nements"},"content":{"rendered":"<p>[et_pb_section fb_built=\u00a0\u00bb1&Prime; _builder_version=\u00a0\u00bb4.16&Prime; custom_padding=\u00a0\u00bb0px||||false|false\u00a0\u00bb global_colors_info=\u00a0\u00bb{}\u00a0\u00bb][et_pb_row _builder_version=\u00a0\u00bb4.16&Prime; background_size=\u00a0\u00bbinitial\u00a0\u00bb background_position=\u00a0\u00bbtop_left\u00a0\u00bb background_repeat=\u00a0\u00bbrepeat\u00a0\u00bb width=\u00a0\u00bb100%\u00a0\u00bb custom_padding=\u00a0\u00bb0px||0px||false|false\u00a0\u00bb global_colors_info=\u00a0\u00bb{}\u00a0\u00bb][et_pb_column type=\u00a0\u00bb4_4&Prime; _builder_version=\u00a0\u00bb4.16&Prime; custom_padding=\u00a0\u00bb|||\u00a0\u00bb global_colors_info=\u00a0\u00bb{}\u00a0\u00bb custom_padding__hover=\u00a0\u00bb|||\u00a0\u00bb][et_pb_wc_cart_notice _builder_version=\u00a0\u00bb4.17.3&Prime; background_color=\u00a0\u00bb#00862F\u00a0\u00bb global_colors_info=\u00a0\u00bb{}\u00a0\u00bb][\/et_pb_wc_cart_notice][\/et_pb_column][\/et_pb_row][et_pb_row column_structure=\u00a0\u00bb1_2,1_2&Prime; _builder_version=\u00a0\u00bb4.16&Prime; background_size=\u00a0\u00bbinitial\u00a0\u00bb background_position=\u00a0\u00bbtop_left\u00a0\u00bb background_repeat=\u00a0\u00bbrepeat\u00a0\u00bb width=\u00a0\u00bb100%\u00a0\u00bb custom_padding=\u00a0\u00bb0px||||false|false\u00a0\u00bb global_colors_info=\u00a0\u00bb{}\u00a0\u00bb][et_pb_column type=\u00a0\u00bb1_2&Prime; _builder_version=\u00a0\u00bb4.16&Prime; custom_padding=\u00a0\u00bb|||\u00a0\u00bb global_colors_info=\u00a0\u00bb{}\u00a0\u00bb custom_padding__hover=\u00a0\u00bb|||\u00a0\u00bb][et_pb_text _builder_version=\u00a0\u00bb4.17.3&Prime; _module_preset=\u00a0\u00bbdefault\u00a0\u00bb custom_margin=\u00a0\u00bb||0px||false|false\u00a0\u00bb global_colors_info=\u00a0\u00bb{}\u00a0\u00bb]<\/p>\n<h1>Des \u00e9v\u00e8nements toute l&rsquo;ann\u00e9e<\/h1>\n<p>[\/et_pb_text][et_pb_wc_breadcrumb _builder_version=\u00a0\u00bb4.17.3&Prime; body_font_size=\u00a0\u00bb12px\u00a0\u00bb link_text_color=\u00a0\u00bb#6C8EAD\u00a0\u00bb custom_margin=\u00a0\u00bb0px||||false|false\u00a0\u00bb global_colors_info=\u00a0\u00bb{}\u00a0\u00bb][\/et_pb_wc_breadcrumb][et_pb_blurb title=\u00a0\u00bbAtelier Respiration avec Chrislain PIERRE\u00a0\u00bb image_icon_background_color=\u00a0\u00bb#6C8EAD\u00a0\u00bb icon_placement=\u00a0\u00bbleft\u00a0\u00bb image_icon_width=\u00a0\u00bb29px\u00a0\u00bb module_class=\u00a0\u00bbsoins\u00a0\u00bb _builder_version=\u00a0\u00bb4.20.2&Prime; _module_preset=\u00a0\u00bbdefault\u00a0\u00bb header_level=\u00a0\u00bbh2&Prime; header_font=\u00a0\u00bbUbuntu|800|||||||\u00a0\u00bb header_text_color=\u00a0\u00bb#434342&Prime; header_font_size=\u00a0\u00bb27px\u00a0\u00bb background_color=\u00a0\u00bb#FFFFFF\u00a0\u00bb custom_margin=\u00a0\u00bb||15px||false|false\u00a0\u00bb custom_padding=\u00a0\u00bb15px|15px|15px|15px|true|true\u00a0\u00bb border_radii=\u00a0\u00bbon|15px|15px|15px|15px\u00a0\u00bb border_radii_image=\u00a0\u00bbon|1000px|1000px|1000px|1000px\u00a0\u00bb border_width_all_image=\u00a0\u00bb7px\u00a0\u00bb border_color_all_image=\u00a0\u00bb#6C8EAD\u00a0\u00bb box_shadow_style=\u00a0\u00bbpreset1&Prime; box_shadow_vertical=\u00a0\u00bb3px\u00a0\u00bb box_shadow_blur=\u00a0\u00bb30px\u00a0\u00bb box_shadow_color=\u00a0\u00bbrgba(67,67,66,0.15)\u00a0\u00bb global_colors_info=\u00a0\u00bb{}\u00a0\u00bb]<\/p>\n<h3><strong>Vendredi 29 mars 2024 | 9H00 &#8211; 11H00 | 10\u20ac<\/strong><\/h3>\n<p>Apprends ou r\u00e9apprends \u00e0 prendre soin de ton organe respiratoire, ta motricit\u00e9, ta coordination et \u00e0 mieux g\u00e9rer ton \u00e9tat \u00e9motionnel.<\/p>\n<p>A travers des exercices de respiration fonctionnelle et de mobilit\u00e9, am\u00e9liore tes capacit\u00e9s respiratoires, physiques et mentales.<\/p>\n<p>En y ajoutant le langage transformationnel, et en prenant conscience de tes ressources et de tes limitations, red\u00e9couvre r\u00e9ellement ton potentiel.<\/p>\n<p>Tu auras besoin d&rsquo;une bouteille d&rsquo;eau, d&rsquo;un tapis de gym, d&rsquo;une serviette, d&rsquo;un gilet pour te couvrir si besoin, et surtout, surtout : de ton plus beau sourire.<\/p>\n<p><em><span style=\"color: #00a199;\">Vis pleinement ton exp\u00e9rience de vie.<\/span><\/em><\/p>\n<p><span style=\"font-size: x-large;\"><strong><span style=\"color: #f08348;\">Move Your Life!<\/span><\/strong><\/span><\/p>\n<p>Pour plus d&rsquo;informations, contactez nous : 0696 36 15 81.<\/p>\n<p>&nbsp;<\/p>\n<p>[\/et_pb_blurb][et_pb_blurb title=\u00a0\u00bb\u00c0 vous de jouer !\u00a0\u00bb image_icon_background_color=\u00a0\u00bb#6C8EAD\u00a0\u00bb icon_placement=\u00a0\u00bbleft\u00a0\u00bb image_icon_width=\u00a0\u00bb29px\u00a0\u00bb module_class=\u00a0\u00bbsoins\u00a0\u00bb _builder_version=\u00a0\u00bb4.17.4&Prime; _module_preset=\u00a0\u00bbdefault\u00a0\u00bb header_level=\u00a0\u00bbh2&Prime; header_font=\u00a0\u00bbUbuntu|800|||||||\u00a0\u00bb header_text_color=\u00a0\u00bb#434342&Prime; header_font_size=\u00a0\u00bb27px\u00a0\u00bb background_color=\u00a0\u00bb#FFFFFF\u00a0\u00bb custom_margin=\u00a0\u00bb||15px||false|false\u00a0\u00bb custom_padding=\u00a0\u00bb15px|15px|15px|15px|true|true\u00a0\u00bb border_radii=\u00a0\u00bbon|15px|15px|15px|15px\u00a0\u00bb border_radii_image=\u00a0\u00bbon|1000px|1000px|1000px|1000px\u00a0\u00bb border_width_all_image=\u00a0\u00bb7px\u00a0\u00bb border_color_all_image=\u00a0\u00bb#6C8EAD\u00a0\u00bb box_shadow_style=\u00a0\u00bbpreset1&Prime; box_shadow_vertical=\u00a0\u00bb3px\u00a0\u00bb box_shadow_blur=\u00a0\u00bb30px\u00a0\u00bb box_shadow_color=\u00a0\u00bbrgba(67,67,66,0.15)\u00a0\u00bb global_colors_info=\u00a0\u00bb{}\u00a0\u00bb]<\/p>\n<h3><strong>Vous avec un projet \u00e0 mettre en place mais n&rsquo;avez pas de lieu pour ce faire ?<\/strong><\/h3>\n<p>Que ce soit pour un march\u00e9, une journ\u00e9e \u00e0 th\u00e8me, une rencontre, un spectacle, un concert ou autre chose dans cette id\u00e9e l\u00e0, ce sera un plaisir pour nous de discuter avec vous autour de votre projet et voir ainsi ce qui est r\u00e9alisable.<\/p>\n<p>Alors sentez-vous \u00e0 l&rsquo;aise de nous contacter.<\/p>\n<p>&nbsp;<\/p>\n<p>[\/et_pb_blurb][\/et_pb_column][et_pb_column type=\u00a0\u00bb1_2&Prime; _builder_version=\u00a0\u00bb4.16&Prime; custom_padding=\u00a0\u00bb|||\u00a0\u00bb global_colors_info=\u00a0\u00bb{}\u00a0\u00bb custom_padding__hover=\u00a0\u00bb|||\u00a0\u00bb][et_pb_wc_images _builder_version=\u00a0\u00bb4.17.3&Prime; border_radii=\u00a0\u00bbon|31px|31px|31px|31px\u00a0\u00bb box_shadow_style=\u00a0\u00bbpreset1&Prime; box_shadow_vertical=\u00a0\u00bb3px\u00a0\u00bb box_shadow_blur=\u00a0\u00bb50px\u00a0\u00bb box_shadow_color=\u00a0\u00bbrgba(67,67,66,0.2)\u00a0\u00bb global_colors_info=\u00a0\u00bb{}\u00a0\u00bb][\/et_pb_wc_images][et_pb_wc_meta _builder_version=\u00a0\u00bb4.17.3&Prime; body_font_size=\u00a0\u00bb12px\u00a0\u00bb link_text_color=\u00a0\u00bb#6C8EAD\u00a0\u00bb global_colors_info=\u00a0\u00bb{}\u00a0\u00bb][\/et_pb_wc_meta][\/et_pb_column][\/et_pb_row][\/et_pb_section]<\/p>\n","protected":false},"excerpt":{"rendered":"<p>On ne propose pas des soins, on prend soin de vous.<\/p>\n","protected":false},"featured_media":1282,"comment_status":"open","ping_status":"closed","template":"","meta":{"_et_pb_use_builder":"on","_et_pb_old_content":"","_et_gb_content_width":"","inline_featured_image":false,"_price":"0","_stock":"","_tribe_ticket_header":"","_tribe_default_ticket_provider":"","_tribe_ticket_capacity":"0","_ticket_start_date":"","_ticket_end_date":"","_tribe_ticket_show_description":"","_tribe_ticket_show_not_going":false,"_tribe_ticket_use_global_stock":"","_tribe_ticket_global_stock_level":"","_global_stock_mode":"","_global_stock_cap":"","_tribe_rsvp_for_event":"","_tribe_ticket_going_count":"","_tribe_ticket_not_going_count":"","_tribe_tickets_list":"[]","_tribe_ticket_has_attendee_info_fields":false},"product_cat":[63],"product_tag":[],"class_list":["post-192","product","type-product","status-publish","has-post-thumbnail","hentry","product_cat-manifestations"],"yoast_head":"<!-- This site is optimized with the Yoast SEO plugin v21.5 - https:\/\/yoast.com\/wordpress\/plugins\/seo\/ -->\n<title>\u00c9v\u00e9nements - La Villa Polyph\u00e8me : G\u00eete chambre d&#039;h\u00f4te Saint-Pierre, Martinique<\/title>\n<meta name=\"robots\" content=\"index, follow, max-snippet:-1, max-image-preview:large, max-video-preview:-1\" \/>\n<link rel=\"canonical\" href=\"https:\/\/lavillapolypheme.com\/index.php\/produit\/evenements\/\" \/>\n<meta property=\"og:locale\" content=\"fr_FR\" \/>\n<meta property=\"og:type\" content=\"article\" \/>\n<meta property=\"og:title\" content=\"\u00c9v\u00e9nements - La Villa Polyph\u00e8me : G\u00eete chambre d&#039;h\u00f4te Saint-Pierre, Martinique\" \/>\n<meta property=\"og:description\" content=\"On ne propose pas des soins, on prend soin de vous.\" \/>\n<meta property=\"og:url\" content=\"https:\/\/lavillapolypheme.com\/index.php\/produit\/evenements\/\" \/>\n<meta property=\"og:site_name\" content=\"La Villa Polyph\u00e8me : G\u00eete chambre d&#039;h\u00f4te Saint-Pierre, Martinique\" \/>\n<meta property=\"article:modified_time\" content=\"2026-01-03T15:35:16+00:00\" \/>\n<meta property=\"og:image\" content=\"https:\/\/lavillapolypheme.com\/wp-content\/uploads\/2022\/05\/ATELIER-RESPIRATION-AVEC-CHRIS.png\" \/>\n\t<meta property=\"og:image:width\" content=\"1414\" \/>\n\t<meta property=\"og:image:height\" content=\"2000\" \/>\n\t<meta property=\"og:image:type\" content=\"image\/png\" \/>\n<meta name=\"twitter:card\" content=\"summary_large_image\" \/>\n<meta name=\"twitter:label1\" content=\"Dur\u00e9e de lecture estim\u00e9e\" \/>\n\t<meta name=\"twitter:data1\" content=\"2 minutes\" \/>\n<script type=\"application\/ld+json\" class=\"yoast-schema-graph\">{\"@context\":\"https:\/\/schema.org\",\"@graph\":[{\"@type\":\"WebPage\",\"@id\":\"https:\/\/lavillapolypheme.com\/index.php\/produit\/evenements\/\",\"url\":\"https:\/\/lavillapolypheme.com\/index.php\/produit\/evenements\/\",\"name\":\"\u00c9v\u00e9nements - La Villa Polyph\u00e8me : G\u00eete chambre d&#039;h\u00f4te Saint-Pierre, Martinique\",\"isPartOf\":{\"@id\":\"https:\/\/lavillapolypheme.com\/#website\"},\"datePublished\":\"2022-05-22T14:14:26+00:00\",\"dateModified\":\"2026-01-03T15:35:16+00:00\",\"breadcrumb\":{\"@id\":\"https:\/\/lavillapolypheme.com\/index.php\/produit\/evenements\/#breadcrumb\"},\"inLanguage\":\"fr-FR\",\"potentialAction\":[{\"@type\":\"ReadAction\",\"target\":[\"https:\/\/lavillapolypheme.com\/index.php\/produit\/evenements\/\"]}]},{\"@type\":\"BreadcrumbList\",\"@id\":\"https:\/\/lavillapolypheme.com\/index.php\/produit\/evenements\/#breadcrumb\",\"itemListElement\":[{\"@type\":\"ListItem\",\"position\":1,\"name\":\"Accueil\",\"item\":\"https:\/\/lavillapolypheme.com\/\"},{\"@type\":\"ListItem\",\"position\":2,\"name\":\"Boutique\",\"item\":\"https:\/\/lavillapolypheme.com\/index.php\/boutique\/\"},{\"@type\":\"ListItem\",\"position\":3,\"name\":\"\u00c9v\u00e9nements\"}]},{\"@type\":\"WebSite\",\"@id\":\"https:\/\/lavillapolypheme.com\/#website\",\"url\":\"https:\/\/lavillapolypheme.com\/\",\"name\":\"La Villa Polyph\u00e8me : G\u00eete chambre d&#039;h\u00f4te Saint-Pierre, Martinique\",\"description\":\"\",\"potentialAction\":[{\"@type\":\"SearchAction\",\"target\":{\"@type\":\"EntryPoint\",\"urlTemplate\":\"https:\/\/lavillapolypheme.com\/?s={search_term_string}\"},\"query-input\":\"required name=search_term_string\"}],\"inLanguage\":\"fr-FR\"}]}<\/script>\n<!-- \/ Yoast SEO plugin. -->","yoast_head_json":{"title":"\u00c9v\u00e9nements - La Villa Polyph\u00e8me : G\u00eete chambre d&#039;h\u00f4te Saint-Pierre, Martinique","robots":{"index":"index","follow":"follow","max-snippet":"max-snippet:-1","max-image-preview":"max-image-preview:large","max-video-preview":"max-video-preview:-1"},"canonical":"https:\/\/lavillapolypheme.com\/index.php\/produit\/evenements\/","og_locale":"fr_FR","og_type":"article","og_title":"\u00c9v\u00e9nements - La Villa Polyph\u00e8me : G\u00eete chambre d&#039;h\u00f4te Saint-Pierre, Martinique","og_description":"On ne propose pas des soins, on prend soin de vous.","og_url":"https:\/\/lavillapolypheme.com\/index.php\/produit\/evenements\/","og_site_name":"La Villa Polyph\u00e8me : G\u00eete chambre d&#039;h\u00f4te Saint-Pierre, Martinique","article_modified_time":"2026-01-03T15:35:16+00:00","og_image":[{"width":1414,"height":2000,"url":"https:\/\/lavillapolypheme.com\/wp-content\/uploads\/2022\/05\/ATELIER-RESPIRATION-AVEC-CHRIS.png","type":"image\/png"}],"twitter_card":"summary_large_image","twitter_misc":{"Dur\u00e9e de lecture estim\u00e9e":"2 minutes"},"schema":{"@context":"https:\/\/schema.org","@graph":[{"@type":"WebPage","@id":"https:\/\/lavillapolypheme.com\/index.php\/produit\/evenements\/","url":"https:\/\/lavillapolypheme.com\/index.php\/produit\/evenements\/","name":"\u00c9v\u00e9nements - La Villa Polyph\u00e8me : G\u00eete chambre d&#039;h\u00f4te Saint-Pierre, Martinique","isPartOf":{"@id":"https:\/\/lavillapolypheme.com\/#website"},"datePublished":"2022-05-22T14:14:26+00:00","dateModified":"2026-01-03T15:35:16+00:00","breadcrumb":{"@id":"https:\/\/lavillapolypheme.com\/index.php\/produit\/evenements\/#breadcrumb"},"inLanguage":"fr-FR","potentialAction":[{"@type":"ReadAction","target":["https:\/\/lavillapolypheme.com\/index.php\/produit\/evenements\/"]}]},{"@type":"BreadcrumbList","@id":"https:\/\/lavillapolypheme.com\/index.php\/produit\/evenements\/#breadcrumb","itemListElement":[{"@type":"ListItem","position":1,"name":"Accueil","item":"https:\/\/lavillapolypheme.com\/"},{"@type":"ListItem","position":2,"name":"Boutique","item":"https:\/\/lavillapolypheme.com\/index.php\/boutique\/"},{"@type":"ListItem","position":3,"name":"\u00c9v\u00e9nements"}]},{"@type":"WebSite","@id":"https:\/\/lavillapolypheme.com\/#website","url":"https:\/\/lavillapolypheme.com\/","name":"La Villa Polyph\u00e8me : G\u00eete chambre d&#039;h\u00f4te Saint-Pierre, Martinique","description":"","potentialAction":[{"@type":"SearchAction","target":{"@type":"EntryPoint","urlTemplate":"https:\/\/lavillapolypheme.com\/?s={search_term_string}"},"query-input":"required name=search_term_string"}],"inLanguage":"fr-FR"}]}},"jetpack_sharing_enabled":true,"_links":{"self":[{"href":"https:\/\/lavillapolypheme.com\/index.php\/wp-json\/wp\/v2\/product\/192","targetHints":{"allow":["GET"]}}],"collection":[{"href":"https:\/\/lavillapolypheme.com\/index.php\/wp-json\/wp\/v2\/product"}],"about":[{"href":"https:\/\/lavillapolypheme.com\/index.php\/wp-json\/wp\/v2\/types\/product"}],"replies":[{"embeddable":true,"href":"https:\/\/lavillapolypheme.com\/index.php\/wp-json\/wp\/v2\/comments?post=192"}],"wp:featuredmedia":[{"embeddable":true,"href":"https:\/\/lavillapolypheme.com\/index.php\/wp-json\/wp\/v2\/media\/1282"}],"wp:attachment":[{"href":"https:\/\/lavillapolypheme.com\/index.php\/wp-json\/wp\/v2\/media?parent=192"}],"wp:term":[{"taxonomy":"product_cat","embeddable":true,"href":"https:\/\/lavillapolypheme.com\/index.php\/wp-json\/wp\/v2\/product_cat?post=192"},{"taxonomy":"product_tag","embeddable":true,"href":"https:\/\/lavillapolypheme.com\/index.php\/wp-json\/wp\/v2\/product_tag?post=192"}],"curies":[{"name":"wp","href":"https:\/\/api.w.org\/{rel}","templated":true}]}}