{"id":189,"date":"2022-05-22T16:10:01","date_gmt":"2022-05-22T14:10:01","guid":{"rendered":"https:\/\/lavillapolypheme.com\/?post_type=product&#038;p=189"},"modified":"2026-01-03T16:01:02","modified_gmt":"2026-01-03T15:01:02","slug":"spectacles","status":"publish","type":"product","link":"https:\/\/lavillapolypheme.com\/index.php\/produit\/spectacles\/","title":{"rendered":"Spectacles"},"content":{"rendered":"<p>[et_pb_section fb_built=\u00a0\u00bb1&Prime; _builder_version=\u00a0\u00bb4.16&Prime; custom_padding=\u00a0\u00bb0px||||false|false\u00a0\u00bb global_colors_info=\u00a0\u00bb{}\u00a0\u00bb][et_pb_row _builder_version=\u00a0\u00bb4.16&Prime; background_size=\u00a0\u00bbinitial\u00a0\u00bb background_position=\u00a0\u00bbtop_left\u00a0\u00bb background_repeat=\u00a0\u00bbrepeat\u00a0\u00bb width=\u00a0\u00bb100%\u00a0\u00bb custom_padding=\u00a0\u00bb0px||0px||false|false\u00a0\u00bb global_colors_info=\u00a0\u00bb{}\u00a0\u00bb][et_pb_column type=\u00a0\u00bb4_4&Prime; _builder_version=\u00a0\u00bb4.16&Prime; custom_padding=\u00a0\u00bb|||\u00a0\u00bb global_colors_info=\u00a0\u00bb{}\u00a0\u00bb custom_padding__hover=\u00a0\u00bb|||\u00a0\u00bb][et_pb_wc_cart_notice _builder_version=\u00a0\u00bb4.17.3&Prime; background_color=\u00a0\u00bb#00862F\u00a0\u00bb global_colors_info=\u00a0\u00bb{}\u00a0\u00bb][\/et_pb_wc_cart_notice][\/et_pb_column][\/et_pb_row][et_pb_row column_structure=\u00a0\u00bb1_2,1_2&Prime; _builder_version=\u00a0\u00bb4.16&Prime; background_size=\u00a0\u00bbinitial\u00a0\u00bb background_position=\u00a0\u00bbtop_left\u00a0\u00bb background_repeat=\u00a0\u00bbrepeat\u00a0\u00bb width=\u00a0\u00bb100%\u00a0\u00bb custom_padding=\u00a0\u00bb0px||||false|false\u00a0\u00bb global_colors_info=\u00a0\u00bb{}\u00a0\u00bb][et_pb_column type=\u00a0\u00bb1_2&Prime; _builder_version=\u00a0\u00bb4.16&Prime; custom_padding=\u00a0\u00bb|||\u00a0\u00bb global_colors_info=\u00a0\u00bb{}\u00a0\u00bb custom_padding__hover=\u00a0\u00bb|||\u00a0\u00bb][et_pb_text _builder_version=\u00a0\u00bb4.17.3&Prime; _module_preset=\u00a0\u00bbdefault\u00a0\u00bb custom_margin=\u00a0\u00bb||0px||false|false\u00a0\u00bb global_colors_info=\u00a0\u00bb{}\u00a0\u00bb]<\/p>\n<h1>Des spectacles tout au long de l&rsquo;ann\u00e9e<\/h1>\n<p>[\/et_pb_text][et_pb_wc_breadcrumb _builder_version=\u00a0\u00bb4.17.3&Prime; body_font_size=\u00a0\u00bb12px\u00a0\u00bb link_text_color=\u00a0\u00bb#6C8EAD\u00a0\u00bb custom_margin=\u00a0\u00bb0px||||false|false\u00a0\u00bb global_colors_info=\u00a0\u00bb{}\u00a0\u00bb][\/et_pb_wc_breadcrumb][et_pb_blurb title=\u00a0\u00bbLes Sam&rsquo;di Perch\u00e9s\u00a0\u00bb image_icon_background_color=\u00a0\u00bb#6C8EAD\u00a0\u00bb icon_placement=\u00a0\u00bbleft\u00a0\u00bb image_icon_width=\u00a0\u00bb29px\u00a0\u00bb module_class=\u00a0\u00bbsoins\u00a0\u00bb _builder_version=\u00a0\u00bb4.17.4&Prime; _module_preset=\u00a0\u00bbdefault\u00a0\u00bb header_level=\u00a0\u00bbh2&Prime; header_font=\u00a0\u00bbUbuntu|700|||||||\u00a0\u00bb header_text_color=\u00a0\u00bb#434342&Prime; header_font_size=\u00a0\u00bb27px\u00a0\u00bb background_color=\u00a0\u00bb#FFFFFF\u00a0\u00bb custom_margin=\u00a0\u00bb||15px||false|false\u00a0\u00bb custom_padding=\u00a0\u00bb15px|15px|15px|15px|true|true\u00a0\u00bb border_radii=\u00a0\u00bbon|15px|15px|15px|15px\u00a0\u00bb border_radii_image=\u00a0\u00bbon|1000px|1000px|1000px|1000px\u00a0\u00bb border_width_all_image=\u00a0\u00bb7px\u00a0\u00bb border_color_all_image=\u00a0\u00bb#6C8EAD\u00a0\u00bb box_shadow_style=\u00a0\u00bbpreset1&Prime; box_shadow_vertical=\u00a0\u00bb3px\u00a0\u00bb box_shadow_blur=\u00a0\u00bb30px\u00a0\u00bb box_shadow_color=\u00a0\u00bbrgba(67,67,66,0.15)\u00a0\u00bb global_colors_info=\u00a0\u00bb{}\u00a0\u00bb]<\/p>\n<h3><strong>Tout public | Participation libre | 18H &#8211; 21H<\/strong><\/h3>\n<p>Rendez-vous tr\u00e8s prochainement pour le dernier Sam&rsquo;di Perch\u00e9 de la saison 2022-2023.<\/p>\n<p>D\u00e9connectez vous le temps d&rsquo;un instant au cours d&rsquo;une soir\u00e9e spectaculaire ! Au programme: tissu a\u00e9rien, trap\u00e8ze, hamac a\u00e9rien, cerceau a\u00e9rien enflamm\u00e9&#8230; Et tout sp\u00e9cialement pour cette \u00e9dition : acroyoga, conte et musique live avec les artistes du <strong>Duo 2071<\/strong> et <strong>Gamsye<\/strong>.<\/p>\n<p><span style=\"color: #f08348; font-size: large;\">SAVE THE DATE : samedi 15 juillet 2023.<\/span><\/p>\n<p><span style=\"color: #00a199;\"><u>Le Concept :<\/u><\/span><\/p>\n<p>\u00a0Un moment unique au cours duquel des artistes vous partagent leurs diff\u00e9rents univers c\u00e9lestes et terrestres pour vivre un moment empreint de po\u00e9sie, d&rsquo;\u00e9motions, de force, de surprise.<\/p>\n<p>\u00a0Une sc\u00e8ne ouverte principalement aux artistes a\u00e9rien.nes qui souhaitent exp\u00e9rimenter la sc\u00e8ne, pr\u00e9senter des nouveaux num\u00e9ros, etc.<\/p>\n<p>\u00a0Une sc\u00e8ne \u00e9galement ouverte aux autres arts vivants qui ont envie accompagner cette soir\u00e9e!<\/p>\n<p>\u00a0Entr\u00e9e sur participation libre.<\/p>\n<p>Les participations sont revers\u00e9es pour les Artistes et la technique, l&rsquo;association L\u00e9zard Ti Show et la Villa Polyph\u00e8me.<\/p>\n<p>\u00a0En famille et entre ami.es, tout le monde est convi\u00e9 et \u00e0 sa place pour ce moment qui se veut familial et convivial !<\/p>\n<p><span style=\"color: #00a199;\"><u>Organisation \u2013 Logistique\u00a0:<\/u><\/span><\/p>\n<p>Arriv\u00e9e \u00e0 partir de 18h, d\u00e9but des spectacles \u00e0 18h30 et fin de l&rsquo;\u00e9v\u00e9nement au plus tard \u00e0 21h, selon le nombre de passages.<\/p>\n<p>Pour ce Sam&rsquo;Di Perch\u00e9, nous vous proposons sur place des plats locaux \u00e0 partir de 10\u20ac, ainsi que des jus, tisanes glac\u00e9es et desserts \u00e0 petit prix.<\/p>\n<p><em><strong>Pensez \u00e0 r\u00e9server votre plat.<\/strong><\/em><\/p>\n<p><em><strong>Paiements sur place en esp\u00e8ces ou carte bancaire.<\/strong><\/em><\/p>\n<p><em><strong>Sentez-vous \u00e0 l&rsquo;aise de ramener votre chaise pliable et penser \u00e9galement \u00e0 venir avec votre bonne humeur !<\/strong><\/em><\/p>\n<p>&nbsp;<\/p>\n<p><strong><span style=\"color: #00a199;\">Pour plus d&rsquo;informations, contactez-nous.<\/span><\/strong><\/p>\n<p><strong><span style=\"color: #00a199;\">Infoline : 0696 36 15 81<\/span><\/strong><\/p>\n<p>&nbsp;<\/p>\n<p>Alors \u00e0 tout bient\u00f4t \u00e0 la Villa Polyph\u00e8me !<\/p>\n<p>&nbsp;<\/p>\n<p><span style=\"text-decoration: underline;\"><em>Cr\u00e9dit photo<\/em><\/span> : Patrice Gold Photography<\/p>\n<p><span style=\"text-decoration: underline;\"><em>Artistes<\/em><\/span> : Zo\u00e9, Marine, No\u00e9, Betty, Marco, L\u00e9 O Perch\u00e9e.<\/p>\n<p>&nbsp;<\/p>\n<p>[\/et_pb_blurb][et_pb_blurb title=\u00a0\u00bbLes Ap\u00e9ros Shows\u00a0\u00bb image_icon_background_color=\u00a0\u00bb#6C8EAD\u00a0\u00bb icon_placement=\u00a0\u00bbleft\u00a0\u00bb image_icon_width=\u00a0\u00bb29px\u00a0\u00bb module_class=\u00a0\u00bbsoins\u00a0\u00bb _builder_version=\u00a0\u00bb4.17.4&Prime; _module_preset=\u00a0\u00bbdefault\u00a0\u00bb header_level=\u00a0\u00bbh2&Prime; header_font=\u00a0\u00bbUbuntu|700|||||||\u00a0\u00bb header_text_color=\u00a0\u00bb#434342&Prime; header_font_size=\u00a0\u00bb27px\u00a0\u00bb background_color=\u00a0\u00bb#FFFFFF\u00a0\u00bb custom_margin=\u00a0\u00bb||15px||false|false\u00a0\u00bb custom_padding=\u00a0\u00bb15px|15px|15px|15px|true|true\u00a0\u00bb border_radii=\u00a0\u00bbon|15px|15px|15px|15px\u00a0\u00bb border_radii_image=\u00a0\u00bbon|1000px|1000px|1000px|1000px\u00a0\u00bb border_width_all_image=\u00a0\u00bb7px\u00a0\u00bb border_color_all_image=\u00a0\u00bb#6C8EAD\u00a0\u00bb box_shadow_style=\u00a0\u00bbpreset1&Prime; box_shadow_vertical=\u00a0\u00bb3px\u00a0\u00bb box_shadow_blur=\u00a0\u00bb30px\u00a0\u00bb box_shadow_color=\u00a0\u00bbrgba(67,67,66,0.15)\u00a0\u00bb global_colors_info=\u00a0\u00bb{}\u00a0\u00bb]<\/p>\n<h3><strong>Formule en exclusivit\u00e9 pour les h\u00f4tes s\u00e9journant \u00e0 la Villa \u2013 25\u20ac\/personne<\/strong><\/h3>\n<p>Des \u00e9toiles dans les yeux et les yeux pleins de paillettes ?!<\/p>\n<p>Agr\u00e9mentez votre s\u00e9jour d\u2019une pinc\u00e9e de magie et sollicitez vos h\u00f4tes pour vous proposer un spectacle autour d\u2019un cocktail et ses tapas.<\/p>\n<p>[\/et_pb_blurb][et_pb_blurb title=\u00a0\u00bbAutres spectacles\u00a0\u00bb image_icon_background_color=\u00a0\u00bb#6C8EAD\u00a0\u00bb icon_placement=\u00a0\u00bbleft\u00a0\u00bb image_icon_width=\u00a0\u00bb29px\u00a0\u00bb module_class=\u00a0\u00bbsoins\u00a0\u00bb _builder_version=\u00a0\u00bb4.17.4&Prime; _module_preset=\u00a0\u00bbdefault\u00a0\u00bb header_level=\u00a0\u00bbh2&Prime; header_font=\u00a0\u00bbUbuntu|800|||||||\u00a0\u00bb header_text_color=\u00a0\u00bb#434342&Prime; header_font_size=\u00a0\u00bb27px\u00a0\u00bb background_color=\u00a0\u00bb#FFFFFF\u00a0\u00bb custom_margin=\u00a0\u00bb||15px||false|false\u00a0\u00bb custom_padding=\u00a0\u00bb15px|15px|15px|15px|true|true\u00a0\u00bb border_radii=\u00a0\u00bbon|15px|15px|15px|15px\u00a0\u00bb border_radii_image=\u00a0\u00bbon|1000px|1000px|1000px|1000px\u00a0\u00bb border_width_all_image=\u00a0\u00bb7px\u00a0\u00bb border_color_all_image=\u00a0\u00bb#6C8EAD\u00a0\u00bb box_shadow_style=\u00a0\u00bbpreset1&Prime; box_shadow_vertical=\u00a0\u00bb3px\u00a0\u00bb box_shadow_blur=\u00a0\u00bb30px\u00a0\u00bb box_shadow_color=\u00a0\u00bbrgba(67,67,66,0.15)\u00a0\u00bb global_colors_info=\u00a0\u00bb{}\u00a0\u00bb]<\/p>\n<h3><strong>Vous \u00eates artistes ?<br \/>Vous cherchez un lieu o\u00f9 vous produire ?<\/strong><\/h3>\n<p>Contactez-nous, ce sera un plaisir d\u2019\u00e9changer avec vous autour de votre projet\/spectacle et de voir ce qui peut \u00eatre fait.<\/p>\n<p>[\/et_pb_blurb][\/et_pb_column][et_pb_column type=\u00a0\u00bb1_2&Prime; _builder_version=\u00a0\u00bb4.16&Prime; custom_padding=\u00a0\u00bb|||\u00a0\u00bb global_colors_info=\u00a0\u00bb{}\u00a0\u00bb custom_padding__hover=\u00a0\u00bb|||\u00a0\u00bb][et_pb_wc_images _builder_version=\u00a0\u00bb4.17.3&Prime; border_radii=\u00a0\u00bbon|31px|31px|31px|31px\u00a0\u00bb box_shadow_style=\u00a0\u00bbpreset1&Prime; box_shadow_vertical=\u00a0\u00bb3px\u00a0\u00bb box_shadow_blur=\u00a0\u00bb50px\u00a0\u00bb box_shadow_color=\u00a0\u00bbrgba(67,67,66,0.2)\u00a0\u00bb global_colors_info=\u00a0\u00bb{}\u00a0\u00bb][\/et_pb_wc_images][et_pb_wc_meta _builder_version=\u00a0\u00bb4.17.3&Prime; body_font_size=\u00a0\u00bb12px\u00a0\u00bb link_text_color=\u00a0\u00bb#6C8EAD\u00a0\u00bb global_colors_info=\u00a0\u00bb{}\u00a0\u00bb][\/et_pb_wc_meta][\/et_pb_column][\/et_pb_row][\/et_pb_section][et_pb_section fb_built=\u00a0\u00bb1&Prime; _builder_version=\u00a0\u00bb4.18.0&Prime; _module_preset=\u00a0\u00bbdefault\u00a0\u00bb global_colors_info=\u00a0\u00bb{}\u00a0\u00bb][et_pb_row _builder_version=\u00a0\u00bb4.18.0&Prime; _module_preset=\u00a0\u00bbdefault\u00a0\u00bb global_colors_info=\u00a0\u00bb{}\u00a0\u00bb][et_pb_column type=\u00a0\u00bb4_4&Prime; _builder_version=\u00a0\u00bb4.18.0&Prime; _module_preset=\u00a0\u00bbdefault\u00a0\u00bb global_colors_info=\u00a0\u00bb{}\u00a0\u00bb][et_pb_image src=\u00a0\u00bbhttps:\/\/lavillapolypheme.com\/wp-content\/uploads\/2022\/05\/CT_8009-300&#215;300-1.jpg\u00a0\u00bb _builder_version=\u00a0\u00bb4.18.0&Prime; _module_preset=\u00a0\u00bbdefault\u00a0\u00bb global_colors_info=\u00a0\u00bb{}\u00a0\u00bb][\/et_pb_image][\/et_pb_column][\/et_pb_row][\/et_pb_section]<\/p>\n","protected":false},"excerpt":{"rendered":"<p>On ne propose pas des soins, on prend soin de vous.<\/p>\n","protected":false},"featured_media":1167,"comment_status":"open","ping_status":"closed","template":"","meta":{"_et_pb_use_builder":"on","_et_pb_old_content":"","_et_gb_content_width":"","inline_featured_image":false,"_price":"0","_stock":"","_tribe_ticket_header":"","_tribe_default_ticket_provider":"","_tribe_ticket_capacity":"0","_ticket_start_date":"","_ticket_end_date":"","_tribe_ticket_show_description":"","_tribe_ticket_show_not_going":false,"_tribe_ticket_use_global_stock":"","_tribe_ticket_global_stock_level":"","_global_stock_mode":"","_global_stock_cap":"","_tribe_rsvp_for_event":"","_tribe_ticket_going_count":"","_tribe_ticket_not_going_count":"","_tribe_tickets_list":"[]","_tribe_ticket_has_attendee_info_fields":false},"product_cat":[63],"product_tag":[],"class_list":["post-189","product","type-product","status-publish","has-post-thumbnail","hentry","product_cat-manifestations"],"yoast_head":"<!-- This site is optimized with the Yoast SEO plugin v21.5 - https:\/\/yoast.com\/wordpress\/plugins\/seo\/ -->\n<title>Spectacles - La Villa Polyph\u00e8me : G\u00eete chambre d&#039;h\u00f4te Saint-Pierre, Martinique<\/title>\n<meta name=\"robots\" content=\"index, follow, max-snippet:-1, max-image-preview:large, max-video-preview:-1\" \/>\n<link rel=\"canonical\" href=\"https:\/\/lavillapolypheme.com\/index.php\/produit\/spectacles\/\" \/>\n<meta property=\"og:locale\" content=\"fr_FR\" \/>\n<meta property=\"og:type\" content=\"article\" \/>\n<meta property=\"og:title\" content=\"Spectacles - La Villa Polyph\u00e8me : G\u00eete chambre d&#039;h\u00f4te Saint-Pierre, Martinique\" \/>\n<meta property=\"og:description\" content=\"On ne propose pas des soins, on prend soin de vous.\" \/>\n<meta property=\"og:url\" content=\"https:\/\/lavillapolypheme.com\/index.php\/produit\/spectacles\/\" \/>\n<meta property=\"og:site_name\" content=\"La Villa Polyph\u00e8me : G\u00eete chambre d&#039;h\u00f4te Saint-Pierre, Martinique\" \/>\n<meta property=\"article:modified_time\" content=\"2026-01-03T15:01:02+00:00\" \/>\n<meta property=\"og:image\" content=\"https:\/\/lavillapolypheme.com\/wp-content\/uploads\/2022\/05\/SamDi-Perche-15072023-RECTO.png\" \/>\n\t<meta property=\"og:image:width\" content=\"1080\" \/>\n\t<meta property=\"og:image:height\" content=\"1080\" \/>\n\t<meta property=\"og:image:type\" content=\"image\/png\" \/>\n<meta name=\"twitter:card\" content=\"summary_large_image\" \/>\n<meta name=\"twitter:label1\" content=\"Dur\u00e9e de lecture estim\u00e9e\" \/>\n\t<meta name=\"twitter:data1\" content=\"3 minutes\" \/>\n<script type=\"application\/ld+json\" class=\"yoast-schema-graph\">{\"@context\":\"https:\/\/schema.org\",\"@graph\":[{\"@type\":\"WebPage\",\"@id\":\"https:\/\/lavillapolypheme.com\/index.php\/produit\/spectacles\/\",\"url\":\"https:\/\/lavillapolypheme.com\/index.php\/produit\/spectacles\/\",\"name\":\"Spectacles - La Villa Polyph\u00e8me : G\u00eete chambre d&#039;h\u00f4te Saint-Pierre, Martinique\",\"isPartOf\":{\"@id\":\"https:\/\/lavillapolypheme.com\/#website\"},\"datePublished\":\"2022-05-22T14:10:01+00:00\",\"dateModified\":\"2026-01-03T15:01:02+00:00\",\"breadcrumb\":{\"@id\":\"https:\/\/lavillapolypheme.com\/index.php\/produit\/spectacles\/#breadcrumb\"},\"inLanguage\":\"fr-FR\",\"potentialAction\":[{\"@type\":\"ReadAction\",\"target\":[\"https:\/\/lavillapolypheme.com\/index.php\/produit\/spectacles\/\"]}]},{\"@type\":\"BreadcrumbList\",\"@id\":\"https:\/\/lavillapolypheme.com\/index.php\/produit\/spectacles\/#breadcrumb\",\"itemListElement\":[{\"@type\":\"ListItem\",\"position\":1,\"name\":\"Accueil\",\"item\":\"https:\/\/lavillapolypheme.com\/\"},{\"@type\":\"ListItem\",\"position\":2,\"name\":\"Boutique\",\"item\":\"https:\/\/lavillapolypheme.com\/index.php\/boutique\/\"},{\"@type\":\"ListItem\",\"position\":3,\"name\":\"Spectacles\"}]},{\"@type\":\"WebSite\",\"@id\":\"https:\/\/lavillapolypheme.com\/#website\",\"url\":\"https:\/\/lavillapolypheme.com\/\",\"name\":\"La Villa Polyph\u00e8me : G\u00eete chambre d&#039;h\u00f4te Saint-Pierre, Martinique\",\"description\":\"\",\"potentialAction\":[{\"@type\":\"SearchAction\",\"target\":{\"@type\":\"EntryPoint\",\"urlTemplate\":\"https:\/\/lavillapolypheme.com\/?s={search_term_string}\"},\"query-input\":\"required name=search_term_string\"}],\"inLanguage\":\"fr-FR\"}]}<\/script>\n<!-- \/ Yoast SEO plugin. -->","yoast_head_json":{"title":"Spectacles - La Villa Polyph\u00e8me : G\u00eete chambre d&#039;h\u00f4te Saint-Pierre, Martinique","robots":{"index":"index","follow":"follow","max-snippet":"max-snippet:-1","max-image-preview":"max-image-preview:large","max-video-preview":"max-video-preview:-1"},"canonical":"https:\/\/lavillapolypheme.com\/index.php\/produit\/spectacles\/","og_locale":"fr_FR","og_type":"article","og_title":"Spectacles - La Villa Polyph\u00e8me : G\u00eete chambre d&#039;h\u00f4te Saint-Pierre, Martinique","og_description":"On ne propose pas des soins, on prend soin de vous.","og_url":"https:\/\/lavillapolypheme.com\/index.php\/produit\/spectacles\/","og_site_name":"La Villa Polyph\u00e8me : G\u00eete chambre d&#039;h\u00f4te Saint-Pierre, Martinique","article_modified_time":"2026-01-03T15:01:02+00:00","og_image":[{"width":1080,"height":1080,"url":"https:\/\/lavillapolypheme.com\/wp-content\/uploads\/2022\/05\/SamDi-Perche-15072023-RECTO.png","type":"image\/png"}],"twitter_card":"summary_large_image","twitter_misc":{"Dur\u00e9e de lecture estim\u00e9e":"3 minutes"},"schema":{"@context":"https:\/\/schema.org","@graph":[{"@type":"WebPage","@id":"https:\/\/lavillapolypheme.com\/index.php\/produit\/spectacles\/","url":"https:\/\/lavillapolypheme.com\/index.php\/produit\/spectacles\/","name":"Spectacles - La Villa Polyph\u00e8me : G\u00eete chambre d&#039;h\u00f4te Saint-Pierre, Martinique","isPartOf":{"@id":"https:\/\/lavillapolypheme.com\/#website"},"datePublished":"2022-05-22T14:10:01+00:00","dateModified":"2026-01-03T15:01:02+00:00","breadcrumb":{"@id":"https:\/\/lavillapolypheme.com\/index.php\/produit\/spectacles\/#breadcrumb"},"inLanguage":"fr-FR","potentialAction":[{"@type":"ReadAction","target":["https:\/\/lavillapolypheme.com\/index.php\/produit\/spectacles\/"]}]},{"@type":"BreadcrumbList","@id":"https:\/\/lavillapolypheme.com\/index.php\/produit\/spectacles\/#breadcrumb","itemListElement":[{"@type":"ListItem","position":1,"name":"Accueil","item":"https:\/\/lavillapolypheme.com\/"},{"@type":"ListItem","position":2,"name":"Boutique","item":"https:\/\/lavillapolypheme.com\/index.php\/boutique\/"},{"@type":"ListItem","position":3,"name":"Spectacles"}]},{"@type":"WebSite","@id":"https:\/\/lavillapolypheme.com\/#website","url":"https:\/\/lavillapolypheme.com\/","name":"La Villa Polyph\u00e8me : G\u00eete chambre d&#039;h\u00f4te Saint-Pierre, Martinique","description":"","potentialAction":[{"@type":"SearchAction","target":{"@type":"EntryPoint","urlTemplate":"https:\/\/lavillapolypheme.com\/?s={search_term_string}"},"query-input":"required name=search_term_string"}],"inLanguage":"fr-FR"}]}},"jetpack_sharing_enabled":true,"_links":{"self":[{"href":"https:\/\/lavillapolypheme.com\/index.php\/wp-json\/wp\/v2\/product\/189","targetHints":{"allow":["GET"]}}],"collection":[{"href":"https:\/\/lavillapolypheme.com\/index.php\/wp-json\/wp\/v2\/product"}],"about":[{"href":"https:\/\/lavillapolypheme.com\/index.php\/wp-json\/wp\/v2\/types\/product"}],"replies":[{"embeddable":true,"href":"https:\/\/lavillapolypheme.com\/index.php\/wp-json\/wp\/v2\/comments?post=189"}],"wp:featuredmedia":[{"embeddable":true,"href":"https:\/\/lavillapolypheme.com\/index.php\/wp-json\/wp\/v2\/media\/1167"}],"wp:attachment":[{"href":"https:\/\/lavillapolypheme.com\/index.php\/wp-json\/wp\/v2\/media?parent=189"}],"wp:term":[{"taxonomy":"product_cat","embeddable":true,"href":"https:\/\/lavillapolypheme.com\/index.php\/wp-json\/wp\/v2\/product_cat?post=189"},{"taxonomy":"product_tag","embeddable":true,"href":"https:\/\/lavillapolypheme.com\/index.php\/wp-json\/wp\/v2\/product_tag?post=189"}],"curies":[{"name":"wp","href":"https:\/\/api.w.org\/{rel}","templated":true}]}}