{"id":1576,"date":"2026-01-03T16:08:31","date_gmt":"2026-01-03T15:08:31","guid":{"rendered":"https:\/\/lavillapolypheme.com\/?post_type=product&#038;p=1576"},"modified":"2026-01-05T14:34:26","modified_gmt":"2026-01-05T13:34:26","slug":"evenements-professionnels-et-culturels","status":"publish","type":"product","link":"https:\/\/lavillapolypheme.com\/index.php\/produit\/evenements-professionnels-et-culturels\/","title":{"rendered":"\u00c9v\u00e9nements professionnels et culturels"},"content":{"rendered":"<p>[et_pb_section fb_built=\u00a0\u00bb1&Prime; _builder_version=\u00a0\u00bb4.16&Prime; custom_padding=\u00a0\u00bb0px||||false|false\u00a0\u00bb global_colors_info=\u00a0\u00bb{}\u00a0\u00bb theme_builder_area=\u00a0\u00bbpost_content\u00a0\u00bb][et_pb_row _builder_version=\u00a0\u00bb4.16&Prime; background_size=\u00a0\u00bbinitial\u00a0\u00bb background_position=\u00a0\u00bbtop_left\u00a0\u00bb background_repeat=\u00a0\u00bbrepeat\u00a0\u00bb width=\u00a0\u00bb100%\u00a0\u00bb custom_padding=\u00a0\u00bb0px||0px||false|false\u00a0\u00bb global_colors_info=\u00a0\u00bb{}\u00a0\u00bb theme_builder_area=\u00a0\u00bbpost_content\u00a0\u00bb][et_pb_column type=\u00a0\u00bb4_4&Prime; _builder_version=\u00a0\u00bb4.16&Prime; custom_padding=\u00a0\u00bb|||\u00a0\u00bb global_colors_info=\u00a0\u00bb{}\u00a0\u00bb custom_padding__hover=\u00a0\u00bb|||\u00a0\u00bb theme_builder_area=\u00a0\u00bbpost_content\u00a0\u00bb][et_pb_wc_cart_notice _builder_version=\u00a0\u00bb4.17.3&Prime; background_color=\u00a0\u00bb#00862F\u00a0\u00bb global_colors_info=\u00a0\u00bb{}\u00a0\u00bb theme_builder_area=\u00a0\u00bbpost_content\u00a0\u00bb][\/et_pb_wc_cart_notice][\/et_pb_column][\/et_pb_row][et_pb_row column_structure=\u00a0\u00bb1_2,1_2&Prime; _builder_version=\u00a0\u00bb4.16&Prime; background_size=\u00a0\u00bbinitial\u00a0\u00bb background_position=\u00a0\u00bbtop_left\u00a0\u00bb background_repeat=\u00a0\u00bbrepeat\u00a0\u00bb width=\u00a0\u00bb100%\u00a0\u00bb min_height=\u00a0\u00bb589.8px\u00a0\u00bb custom_padding=\u00a0\u00bb0px||0px||false|false\u00a0\u00bb global_colors_info=\u00a0\u00bb{}\u00a0\u00bb theme_builder_area=\u00a0\u00bbpost_content\u00a0\u00bb][et_pb_column type=\u00a0\u00bb1_2&Prime; _builder_version=\u00a0\u00bb4.16&Prime; custom_padding=\u00a0\u00bb|||\u00a0\u00bb global_colors_info=\u00a0\u00bb{}\u00a0\u00bb custom_padding__hover=\u00a0\u00bb|||\u00a0\u00bb theme_builder_area=\u00a0\u00bbpost_content\u00a0\u00bb][et_pb_text _builder_version=\u00a0\u00bb4.20.2&Prime; _module_preset=\u00a0\u00bbdefault\u00a0\u00bb custom_margin=\u00a0\u00bb||0px||false|false\u00a0\u00bb hover_enabled=\u00a0\u00bb0&Prime; global_colors_info=\u00a0\u00bb{}\u00a0\u00bb theme_builder_area=\u00a0\u00bbpost_content\u00a0\u00bb sticky_enabled=\u00a0\u00bb0&Prime;]<\/p>\n<h1>Location d&rsquo;espace ext\u00e9rieur pour vos activit\u00e9s professionnelles<\/h1>\n<p>[\/et_pb_text][et_pb_wc_breadcrumb _builder_version=\u00a0\u00bb4.17.3&Prime; body_font_size=\u00a0\u00bb12px\u00a0\u00bb link_text_color=\u00a0\u00bb#6C8EAD\u00a0\u00bb custom_margin=\u00a0\u00bb0px||||false|false\u00a0\u00bb global_colors_info=\u00a0\u00bb{}\u00a0\u00bb theme_builder_area=\u00a0\u00bbpost_content\u00a0\u00bb][\/et_pb_wc_breadcrumb][et_pb_text _builder_version=\u00a0\u00bb4.18.0&Prime; _module_preset=\u00a0\u00bbdefault\u00a0\u00bb header_3_font=\u00a0\u00bbUbuntu|700|||||||\u00a0\u00bb header_3_text_color=\u00a0\u00bb#00862F\u00a0\u00bb header_3_font_size=\u00a0\u00bb18px\u00a0\u00bb global_colors_info=\u00a0\u00bb{}\u00a0\u00bb theme_builder_area=\u00a0\u00bbpost_content\u00a0\u00bb]<\/p>\n<h3>Organisez vos \u00e9v\u00e9nements professionnels dans un cadre verdur\u00e9 et ventil\u00e9 \u00e0 la sortie nord de St-Pierre, au pied de la Montagne Pel\u00e9e.<\/h3>\n<p>Nos espaces ext\u00e9rieurs sont parfaitement adapt\u00e9s pour accueillir : <strong>r\u00e9unions professionnelles, ateliers, formations, conf\u00e9rences, workshops, cours collectifs, march\u00e9s de No\u00ebl, \u00e9v\u00e9nements associatifs ou culturels.<\/strong><\/p>\n<p><span style=\"color: #00a199; font-size: large;\">Des espaces fonctionnels dans un cadre idyllique<\/span><\/p>\n<ul>\n<li><span>Grand carbet de 80m\u00b2<\/span><\/li>\n<li>Petit carbet de 16m\u00b2<span><\/span><\/li>\n<li><span>Piscine de 4 m x 8 m<\/span><\/li>\n<li>Environnement verdoyant, a\u00e9r\u00e9 et apaisant<span><\/span><\/li>\n<li>Chaises et tables<\/li>\n<\/ul>\n<p>Id\u00e9al pour des \u00e9v\u00e9nements d&rsquo;une matin\u00e9e, d&rsquo;une apr\u00e8s-midi, d&rsquo;une journ\u00e9e compl\u00e8te, ou d&rsquo;un week-end.<\/p>\n<p><span style=\"color: #00a199; font-size: large;\">Conditions de location<\/span><\/p>\n<p>\u00c0 partir de 20\u20ac \/ heure.<span><\/span><\/p>\n<p>Devis \u00e9tabli sur demande, tarif ajust\u00e9 selon la nature de l&rsquo;\u00e9v\u00e9nement, la dur\u00e9e et les besoins sp\u00e9cifiques.<\/p>\n<p style=\"text-align: center;\"><span style=\"color: #00862f; font-size: large;\">Un lieu propice au travail et \u00e0 la cr\u00e9ativit\u00e9<\/span><\/p>\n<p style=\"text-align: center;\"><span style=\"color: #00862f;\">Alliant confort, convivialit\u00e9 et nature, cet espace offre un environnement id\u00e9al pour favoriser la concentration, l&rsquo;\u00e9change et la cr\u00e9ativit\u00e9, loin des cadres traditionnels ferm\u00e9s.<\/span><\/p>\n<p style=\"text-align: center;\"><em>Contactez-nous pour plus d&rsquo;informations ou pour \u00e9tablir un devis personnalis\u00e9.<\/em><\/p>\n<p>&nbsp;<\/p>\n<p>[\/et_pb_text][et_pb_contact_form _builder_version=\u00a0\u00bb4.20.2&Prime; _module_preset=\u00a0\u00bbdefault\u00a0\u00bb _unique_id=\u00a0\u00bb7679fb6f-8918-46f9-9c2b-7dc49bd6d0e4&Prime; theme_builder_area=\u00a0\u00bbpost_content\u00a0\u00bb hover_enabled=\u00a0\u00bb0&Prime; sticky_enabled=\u00a0\u00bb0&Prime;][et_pb_contact_field field_id=\u00a0\u00bbLast_Name\u00a0\u00bb field_title=\u00a0\u00bbNom\u00a0\u00bb _builder_version=\u00a0\u00bb4.20.2&Prime; hover_enabled=\u00a0\u00bb0&Prime; global_colors_info=\u00a0\u00bb{}\u00a0\u00bb button_text_size__hover_enabled=\u00a0\u00bboff\u00a0\u00bb button_one_text_size__hover_enabled=\u00a0\u00bboff\u00a0\u00bb button_two_text_size__hover_enabled=\u00a0\u00bboff\u00a0\u00bb button_text_color__hover_enabled=\u00a0\u00bboff\u00a0\u00bb button_one_text_color__hover_enabled=\u00a0\u00bboff\u00a0\u00bb button_two_text_color__hover_enabled=\u00a0\u00bboff\u00a0\u00bb button_border_width__hover_enabled=\u00a0\u00bboff\u00a0\u00bb button_one_border_width__hover_enabled=\u00a0\u00bboff\u00a0\u00bb button_two_border_width__hover_enabled=\u00a0\u00bboff\u00a0\u00bb button_border_color__hover_enabled=\u00a0\u00bboff\u00a0\u00bb button_one_border_color__hover_enabled=\u00a0\u00bboff\u00a0\u00bb button_two_border_color__hover_enabled=\u00a0\u00bboff\u00a0\u00bb button_border_radius__hover_enabled=\u00a0\u00bboff\u00a0\u00bb button_one_border_radius__hover_enabled=\u00a0\u00bboff\u00a0\u00bb button_two_border_radius__hover_enabled=\u00a0\u00bboff\u00a0\u00bb button_letter_spacing__hover_enabled=\u00a0\u00bboff\u00a0\u00bb button_one_letter_spacing__hover_enabled=\u00a0\u00bboff\u00a0\u00bb button_two_letter_spacing__hover_enabled=\u00a0\u00bboff\u00a0\u00bb button_bg_color__hover_enabled=\u00a0\u00bboff\u00a0\u00bb button_one_bg_color__hover_enabled=\u00a0\u00bboff\u00a0\u00bb button_two_bg_color__hover_enabled=\u00a0\u00bboff\u00a0\u00bb theme_builder_area=\u00a0\u00bbpost_content\u00a0\u00bb sticky_enabled=\u00a0\u00bb0&Prime;][\/et_pb_contact_field][et_pb_contact_field field_id=\u00a0\u00bbFirst_Name\u00a0\u00bb field_title=\u00a0\u00bbPr\u00e9nom\u00a0\u00bb _builder_version=\u00a0\u00bb4.20.2&Prime; hover_enabled=\u00a0\u00bb0&Prime; global_colors_info=\u00a0\u00bb{}\u00a0\u00bb button_text_size__hover_enabled=\u00a0\u00bboff\u00a0\u00bb button_one_text_size__hover_enabled=\u00a0\u00bboff\u00a0\u00bb button_two_text_size__hover_enabled=\u00a0\u00bboff\u00a0\u00bb button_text_color__hover_enabled=\u00a0\u00bboff\u00a0\u00bb button_one_text_color__hover_enabled=\u00a0\u00bboff\u00a0\u00bb button_two_text_color__hover_enabled=\u00a0\u00bboff\u00a0\u00bb button_border_width__hover_enabled=\u00a0\u00bboff\u00a0\u00bb button_one_border_width__hover_enabled=\u00a0\u00bboff\u00a0\u00bb button_two_border_width__hover_enabled=\u00a0\u00bboff\u00a0\u00bb button_border_color__hover_enabled=\u00a0\u00bboff\u00a0\u00bb button_one_border_color__hover_enabled=\u00a0\u00bboff\u00a0\u00bb button_two_border_color__hover_enabled=\u00a0\u00bboff\u00a0\u00bb button_border_radius__hover_enabled=\u00a0\u00bboff\u00a0\u00bb button_one_border_radius__hover_enabled=\u00a0\u00bboff\u00a0\u00bb button_two_border_radius__hover_enabled=\u00a0\u00bboff\u00a0\u00bb button_letter_spacing__hover_enabled=\u00a0\u00bboff\u00a0\u00bb button_one_letter_spacing__hover_enabled=\u00a0\u00bboff\u00a0\u00bb button_two_letter_spacing__hover_enabled=\u00a0\u00bboff\u00a0\u00bb button_bg_color__hover_enabled=\u00a0\u00bboff\u00a0\u00bb button_one_bg_color__hover_enabled=\u00a0\u00bboff\u00a0\u00bb button_two_bg_color__hover_enabled=\u00a0\u00bboff\u00a0\u00bb theme_builder_area=\u00a0\u00bbpost_content\u00a0\u00bb sticky_enabled=\u00a0\u00bb0&Prime;][\/et_pb_contact_field][et_pb_contact_field field_id=\u00a0\u00bbEmail\u00a0\u00bb field_title=\u00a0\u00bbAdresse mail\u00a0\u00bb field_type=\u00a0\u00bbemail\u00a0\u00bb _builder_version=\u00a0\u00bb4.20.2&Prime; hover_enabled=\u00a0\u00bb0&Prime; global_colors_info=\u00a0\u00bb{}\u00a0\u00bb button_text_size__hover_enabled=\u00a0\u00bboff\u00a0\u00bb button_one_text_size__hover_enabled=\u00a0\u00bboff\u00a0\u00bb button_two_text_size__hover_enabled=\u00a0\u00bboff\u00a0\u00bb button_text_color__hover_enabled=\u00a0\u00bboff\u00a0\u00bb button_one_text_color__hover_enabled=\u00a0\u00bboff\u00a0\u00bb button_two_text_color__hover_enabled=\u00a0\u00bboff\u00a0\u00bb button_border_width__hover_enabled=\u00a0\u00bboff\u00a0\u00bb button_one_border_width__hover_enabled=\u00a0\u00bboff\u00a0\u00bb button_two_border_width__hover_enabled=\u00a0\u00bboff\u00a0\u00bb button_border_color__hover_enabled=\u00a0\u00bboff\u00a0\u00bb button_one_border_color__hover_enabled=\u00a0\u00bboff\u00a0\u00bb button_two_border_color__hover_enabled=\u00a0\u00bboff\u00a0\u00bb button_border_radius__hover_enabled=\u00a0\u00bboff\u00a0\u00bb button_one_border_radius__hover_enabled=\u00a0\u00bboff\u00a0\u00bb button_two_border_radius__hover_enabled=\u00a0\u00bboff\u00a0\u00bb button_letter_spacing__hover_enabled=\u00a0\u00bboff\u00a0\u00bb button_one_letter_spacing__hover_enabled=\u00a0\u00bboff\u00a0\u00bb button_two_letter_spacing__hover_enabled=\u00a0\u00bboff\u00a0\u00bb button_bg_color__hover_enabled=\u00a0\u00bboff\u00a0\u00bb button_one_bg_color__hover_enabled=\u00a0\u00bboff\u00a0\u00bb button_two_bg_color__hover_enabled=\u00a0\u00bboff\u00a0\u00bb theme_builder_area=\u00a0\u00bbpost_content\u00a0\u00bb sticky_enabled=\u00a0\u00bb0&Prime;][\/et_pb_contact_field][et_pb_contact_field field_id=\u00a0\u00bbPhone_number\u00a0\u00bb field_title=\u00a0\u00bbNum\u00e9ro de t\u00e9l\u00e9phone\u00a0\u00bb field_type=\u00a0\u00bbemail\u00a0\u00bb _builder_version=\u00a0\u00bb4.20.2&Prime; hover_enabled=\u00a0\u00bb0&Prime; global_colors_info=\u00a0\u00bb{}\u00a0\u00bb button_text_size__hover_enabled=\u00a0\u00bboff\u00a0\u00bb button_one_text_size__hover_enabled=\u00a0\u00bboff\u00a0\u00bb button_two_text_size__hover_enabled=\u00a0\u00bboff\u00a0\u00bb button_text_color__hover_enabled=\u00a0\u00bboff\u00a0\u00bb button_one_text_color__hover_enabled=\u00a0\u00bboff\u00a0\u00bb button_two_text_color__hover_enabled=\u00a0\u00bboff\u00a0\u00bb button_border_width__hover_enabled=\u00a0\u00bboff\u00a0\u00bb button_one_border_width__hover_enabled=\u00a0\u00bboff\u00a0\u00bb button_two_border_width__hover_enabled=\u00a0\u00bboff\u00a0\u00bb button_border_color__hover_enabled=\u00a0\u00bboff\u00a0\u00bb button_one_border_color__hover_enabled=\u00a0\u00bboff\u00a0\u00bb button_two_border_color__hover_enabled=\u00a0\u00bboff\u00a0\u00bb button_border_radius__hover_enabled=\u00a0\u00bboff\u00a0\u00bb button_one_border_radius__hover_enabled=\u00a0\u00bboff\u00a0\u00bb button_two_border_radius__hover_enabled=\u00a0\u00bboff\u00a0\u00bb button_letter_spacing__hover_enabled=\u00a0\u00bboff\u00a0\u00bb button_one_letter_spacing__hover_enabled=\u00a0\u00bboff\u00a0\u00bb button_two_letter_spacing__hover_enabled=\u00a0\u00bboff\u00a0\u00bb button_bg_color__hover_enabled=\u00a0\u00bboff\u00a0\u00bb button_one_bg_color__hover_enabled=\u00a0\u00bboff\u00a0\u00bb button_two_bg_color__hover_enabled=\u00a0\u00bboff\u00a0\u00bb theme_builder_area=\u00a0\u00bbpost_content\u00a0\u00bb sticky_enabled=\u00a0\u00bb0&Prime;][\/et_pb_contact_field][et_pb_contact_field field_id=\u00a0\u00bbMessage\u00a0\u00bb field_title=\u00a0\u00bbMessage\u00a0\u00bb field_type=\u00a0\u00bbtext\u00a0\u00bb fullwidth_field=\u00a0\u00bbon\u00a0\u00bb _builder_version=\u00a0\u00bb4.16&Prime; global_colors_info=\u00a0\u00bb{}\u00a0\u00bb button_text_size__hover_enabled=\u00a0\u00bboff\u00a0\u00bb button_one_text_size__hover_enabled=\u00a0\u00bboff\u00a0\u00bb button_two_text_size__hover_enabled=\u00a0\u00bboff\u00a0\u00bb button_text_color__hover_enabled=\u00a0\u00bboff\u00a0\u00bb button_one_text_color__hover_enabled=\u00a0\u00bboff\u00a0\u00bb button_two_text_color__hover_enabled=\u00a0\u00bboff\u00a0\u00bb button_border_width__hover_enabled=\u00a0\u00bboff\u00a0\u00bb button_one_border_width__hover_enabled=\u00a0\u00bboff\u00a0\u00bb button_two_border_width__hover_enabled=\u00a0\u00bboff\u00a0\u00bb button_border_color__hover_enabled=\u00a0\u00bboff\u00a0\u00bb button_one_border_color__hover_enabled=\u00a0\u00bboff\u00a0\u00bb button_two_border_color__hover_enabled=\u00a0\u00bboff\u00a0\u00bb button_border_radius__hover_enabled=\u00a0\u00bboff\u00a0\u00bb button_one_border_radius__hover_enabled=\u00a0\u00bboff\u00a0\u00bb button_two_border_radius__hover_enabled=\u00a0\u00bboff\u00a0\u00bb button_letter_spacing__hover_enabled=\u00a0\u00bboff\u00a0\u00bb button_one_letter_spacing__hover_enabled=\u00a0\u00bboff\u00a0\u00bb button_two_letter_spacing__hover_enabled=\u00a0\u00bboff\u00a0\u00bb button_bg_color__hover_enabled=\u00a0\u00bboff\u00a0\u00bb button_one_bg_color__hover_enabled=\u00a0\u00bboff\u00a0\u00bb button_two_bg_color__hover_enabled=\u00a0\u00bboff\u00a0\u00bb theme_builder_area=\u00a0\u00bbpost_content\u00a0\u00bb][\/et_pb_contact_field][\/et_pb_contact_form][\/et_pb_column][et_pb_column type=\u00a0\u00bb1_2&Prime; _builder_version=\u00a0\u00bb4.16&Prime; custom_padding=\u00a0\u00bb|||\u00a0\u00bb global_colors_info=\u00a0\u00bb{}\u00a0\u00bb custom_padding__hover=\u00a0\u00bb|||\u00a0\u00bb theme_builder_area=\u00a0\u00bbpost_content\u00a0\u00bb][et_pb_wc_images _builder_version=\u00a0\u00bb4.17.3&Prime; border_radii=\u00a0\u00bbon|31px|31px|31px|31px\u00a0\u00bb box_shadow_style=\u00a0\u00bbpreset1&Prime; box_shadow_vertical=\u00a0\u00bb3px\u00a0\u00bb box_shadow_blur=\u00a0\u00bb50px\u00a0\u00bb box_shadow_color=\u00a0\u00bbrgba(67,67,66,0.2)\u00a0\u00bb global_colors_info=\u00a0\u00bb{}\u00a0\u00bb theme_builder_area=\u00a0\u00bbpost_content\u00a0\u00bb][\/et_pb_wc_images][et_pb_wc_meta _builder_version=\u00a0\u00bb4.17.3&Prime; body_font_size=\u00a0\u00bb12px\u00a0\u00bb link_text_color=\u00a0\u00bb#6C8EAD\u00a0\u00bb global_colors_info=\u00a0\u00bb{}\u00a0\u00bb theme_builder_area=\u00a0\u00bbpost_content\u00a0\u00bb][\/et_pb_wc_meta][\/et_pb_column][\/et_pb_row][\/et_pb_section]<\/p>\n","protected":false},"excerpt":{"rendered":"<p>Location d&rsquo;espace ext\u00e9rieur pour vos activit\u00e9s professionnellesOrganisez vos \u00e9v\u00e9nements professionnels dans un cadre verdur\u00e9 et ventil\u00e9 \u00e0 la sortie nord de St-Pierre, au pied de la Montagne Pel\u00e9e. Nos espaces [&hellip;]<\/p>\n","protected":false},"featured_media":604,"comment_status":"open","ping_status":"closed","template":"","meta":{"_et_pb_use_builder":"on","_et_pb_old_content":"","_et_gb_content_width":"","inline_featured_image":false,"_price":"","_stock":"","_tribe_ticket_header":"","_tribe_default_ticket_provider":"","_tribe_ticket_capacity":"0","_ticket_start_date":"","_ticket_end_date":"","_tribe_ticket_show_description":"","_tribe_ticket_show_not_going":false,"_tribe_ticket_use_global_stock":"","_tribe_ticket_global_stock_level":"","_global_stock_mode":"","_global_stock_cap":"","_tribe_rsvp_for_event":"","_tribe_ticket_going_count":"","_tribe_ticket_not_going_count":"","_tribe_tickets_list":"[]","_tribe_ticket_has_attendee_info_fields":false},"product_cat":[64],"product_tag":[],"class_list":["post-1576","product","type-product","status-publish","has-post-thumbnail","hentry","product_cat-location-de-lespace-exterieur"],"yoast_head":"<!-- This site is optimized with the Yoast SEO plugin v21.5 - https:\/\/yoast.com\/wordpress\/plugins\/seo\/ -->\n<title>\u00c9v\u00e9nements professionnels et culturels - La Villa Polyph\u00e8me : G\u00eete chambre d&#039;h\u00f4te Saint-Pierre, Martinique<\/title>\n<meta name=\"robots\" content=\"index, follow, max-snippet:-1, max-image-preview:large, max-video-preview:-1\" \/>\n<link rel=\"canonical\" href=\"https:\/\/lavillapolypheme.com\/index.php\/produit\/evenements-professionnels-et-culturels\/\" \/>\n<meta property=\"og:locale\" content=\"fr_FR\" \/>\n<meta property=\"og:type\" content=\"article\" \/>\n<meta property=\"og:title\" content=\"\u00c9v\u00e9nements professionnels et culturels - La Villa Polyph\u00e8me : G\u00eete chambre d&#039;h\u00f4te Saint-Pierre, Martinique\" \/>\n<meta property=\"og:description\" content=\"Location d&#039;espace ext\u00e9rieur pour vos activit\u00e9s professionnellesOrganisez vos \u00e9v\u00e9nements professionnels dans un cadre verdur\u00e9 et ventil\u00e9 \u00e0 la sortie nord de St-Pierre, au pied de la Montagne Pel\u00e9e. Nos espaces [&hellip;]\" \/>\n<meta property=\"og:url\" content=\"https:\/\/lavillapolypheme.com\/index.php\/produit\/evenements-professionnels-et-culturels\/\" \/>\n<meta property=\"og:site_name\" content=\"La Villa Polyph\u00e8me : G\u00eete chambre d&#039;h\u00f4te Saint-Pierre, Martinique\" \/>\n<meta property=\"article:modified_time\" content=\"2026-01-05T13:34:26+00:00\" \/>\n<meta property=\"og:image\" content=\"https:\/\/lavillapolypheme.com\/wp-content\/uploads\/2022\/05\/DSC_00030.jpg\" \/>\n\t<meta property=\"og:image:width\" content=\"2048\" \/>\n\t<meta property=\"og:image:height\" content=\"1365\" \/>\n\t<meta property=\"og:image:type\" content=\"image\/jpeg\" \/>\n<meta name=\"twitter:card\" content=\"summary_large_image\" \/>\n<meta name=\"twitter:label1\" content=\"Dur\u00e9e de lecture estim\u00e9e\" \/>\n\t<meta name=\"twitter:data1\" content=\"2 minutes\" \/>\n<script type=\"application\/ld+json\" class=\"yoast-schema-graph\">{\"@context\":\"https:\/\/schema.org\",\"@graph\":[{\"@type\":\"WebPage\",\"@id\":\"https:\/\/lavillapolypheme.com\/index.php\/produit\/evenements-professionnels-et-culturels\/\",\"url\":\"https:\/\/lavillapolypheme.com\/index.php\/produit\/evenements-professionnels-et-culturels\/\",\"name\":\"\u00c9v\u00e9nements professionnels et culturels - La Villa Polyph\u00e8me : G\u00eete chambre d&#039;h\u00f4te Saint-Pierre, Martinique\",\"isPartOf\":{\"@id\":\"https:\/\/lavillapolypheme.com\/#website\"},\"datePublished\":\"2026-01-03T15:08:31+00:00\",\"dateModified\":\"2026-01-05T13:34:26+00:00\",\"breadcrumb\":{\"@id\":\"https:\/\/lavillapolypheme.com\/index.php\/produit\/evenements-professionnels-et-culturels\/#breadcrumb\"},\"inLanguage\":\"fr-FR\",\"potentialAction\":[{\"@type\":\"ReadAction\",\"target\":[\"https:\/\/lavillapolypheme.com\/index.php\/produit\/evenements-professionnels-et-culturels\/\"]}]},{\"@type\":\"BreadcrumbList\",\"@id\":\"https:\/\/lavillapolypheme.com\/index.php\/produit\/evenements-professionnels-et-culturels\/#breadcrumb\",\"itemListElement\":[{\"@type\":\"ListItem\",\"position\":1,\"name\":\"Accueil\",\"item\":\"https:\/\/lavillapolypheme.com\/\"},{\"@type\":\"ListItem\",\"position\":2,\"name\":\"Boutique\",\"item\":\"https:\/\/lavillapolypheme.com\/index.php\/boutique\/\"},{\"@type\":\"ListItem\",\"position\":3,\"name\":\"\u00c9v\u00e9nements professionnels et culturels\"}]},{\"@type\":\"WebSite\",\"@id\":\"https:\/\/lavillapolypheme.com\/#website\",\"url\":\"https:\/\/lavillapolypheme.com\/\",\"name\":\"La Villa Polyph\u00e8me : G\u00eete chambre d&#039;h\u00f4te Saint-Pierre, Martinique\",\"description\":\"\",\"potentialAction\":[{\"@type\":\"SearchAction\",\"target\":{\"@type\":\"EntryPoint\",\"urlTemplate\":\"https:\/\/lavillapolypheme.com\/?s={search_term_string}\"},\"query-input\":\"required name=search_term_string\"}],\"inLanguage\":\"fr-FR\"}]}<\/script>\n<!-- \/ Yoast SEO plugin. -->","yoast_head_json":{"title":"\u00c9v\u00e9nements professionnels et culturels - La Villa Polyph\u00e8me : G\u00eete chambre d&#039;h\u00f4te Saint-Pierre, Martinique","robots":{"index":"index","follow":"follow","max-snippet":"max-snippet:-1","max-image-preview":"max-image-preview:large","max-video-preview":"max-video-preview:-1"},"canonical":"https:\/\/lavillapolypheme.com\/index.php\/produit\/evenements-professionnels-et-culturels\/","og_locale":"fr_FR","og_type":"article","og_title":"\u00c9v\u00e9nements professionnels et culturels - La Villa Polyph\u00e8me : G\u00eete chambre d&#039;h\u00f4te Saint-Pierre, Martinique","og_description":"Location d'espace ext\u00e9rieur pour vos activit\u00e9s professionnellesOrganisez vos \u00e9v\u00e9nements professionnels dans un cadre verdur\u00e9 et ventil\u00e9 \u00e0 la sortie nord de St-Pierre, au pied de la Montagne Pel\u00e9e. Nos espaces [&hellip;]","og_url":"https:\/\/lavillapolypheme.com\/index.php\/produit\/evenements-professionnels-et-culturels\/","og_site_name":"La Villa Polyph\u00e8me : G\u00eete chambre d&#039;h\u00f4te Saint-Pierre, Martinique","article_modified_time":"2026-01-05T13:34:26+00:00","og_image":[{"width":2048,"height":1365,"url":"https:\/\/lavillapolypheme.com\/wp-content\/uploads\/2022\/05\/DSC_00030.jpg","type":"image\/jpeg"}],"twitter_card":"summary_large_image","twitter_misc":{"Dur\u00e9e de lecture estim\u00e9e":"2 minutes"},"schema":{"@context":"https:\/\/schema.org","@graph":[{"@type":"WebPage","@id":"https:\/\/lavillapolypheme.com\/index.php\/produit\/evenements-professionnels-et-culturels\/","url":"https:\/\/lavillapolypheme.com\/index.php\/produit\/evenements-professionnels-et-culturels\/","name":"\u00c9v\u00e9nements professionnels et culturels - La Villa Polyph\u00e8me : G\u00eete chambre d&#039;h\u00f4te Saint-Pierre, Martinique","isPartOf":{"@id":"https:\/\/lavillapolypheme.com\/#website"},"datePublished":"2026-01-03T15:08:31+00:00","dateModified":"2026-01-05T13:34:26+00:00","breadcrumb":{"@id":"https:\/\/lavillapolypheme.com\/index.php\/produit\/evenements-professionnels-et-culturels\/#breadcrumb"},"inLanguage":"fr-FR","potentialAction":[{"@type":"ReadAction","target":["https:\/\/lavillapolypheme.com\/index.php\/produit\/evenements-professionnels-et-culturels\/"]}]},{"@type":"BreadcrumbList","@id":"https:\/\/lavillapolypheme.com\/index.php\/produit\/evenements-professionnels-et-culturels\/#breadcrumb","itemListElement":[{"@type":"ListItem","position":1,"name":"Accueil","item":"https:\/\/lavillapolypheme.com\/"},{"@type":"ListItem","position":2,"name":"Boutique","item":"https:\/\/lavillapolypheme.com\/index.php\/boutique\/"},{"@type":"ListItem","position":3,"name":"\u00c9v\u00e9nements professionnels et culturels"}]},{"@type":"WebSite","@id":"https:\/\/lavillapolypheme.com\/#website","url":"https:\/\/lavillapolypheme.com\/","name":"La Villa Polyph\u00e8me : G\u00eete chambre d&#039;h\u00f4te Saint-Pierre, Martinique","description":"","potentialAction":[{"@type":"SearchAction","target":{"@type":"EntryPoint","urlTemplate":"https:\/\/lavillapolypheme.com\/?s={search_term_string}"},"query-input":"required name=search_term_string"}],"inLanguage":"fr-FR"}]}},"jetpack_sharing_enabled":true,"_links":{"self":[{"href":"https:\/\/lavillapolypheme.com\/index.php\/wp-json\/wp\/v2\/product\/1576","targetHints":{"allow":["GET"]}}],"collection":[{"href":"https:\/\/lavillapolypheme.com\/index.php\/wp-json\/wp\/v2\/product"}],"about":[{"href":"https:\/\/lavillapolypheme.com\/index.php\/wp-json\/wp\/v2\/types\/product"}],"replies":[{"embeddable":true,"href":"https:\/\/lavillapolypheme.com\/index.php\/wp-json\/wp\/v2\/comments?post=1576"}],"wp:featuredmedia":[{"embeddable":true,"href":"https:\/\/lavillapolypheme.com\/index.php\/wp-json\/wp\/v2\/media\/604"}],"wp:attachment":[{"href":"https:\/\/lavillapolypheme.com\/index.php\/wp-json\/wp\/v2\/media?parent=1576"}],"wp:term":[{"taxonomy":"product_cat","embeddable":true,"href":"https:\/\/lavillapolypheme.com\/index.php\/wp-json\/wp\/v2\/product_cat?post=1576"},{"taxonomy":"product_tag","embeddable":true,"href":"https:\/\/lavillapolypheme.com\/index.php\/wp-json\/wp\/v2\/product_tag?post=1576"}],"curies":[{"name":"wp","href":"https:\/\/api.w.org\/{rel}","templated":true}]}}